{"id":137,"date":"2020-09-25T19:17:02","date_gmt":"2020-09-25T17:17:02","guid":{"rendered":"https:\/\/sante-augmentee.fr\/?page_id=137"},"modified":"2020-10-25T20:37:37","modified_gmt":"2020-10-25T19:37:37","slug":"politique-de-confidentialite","status":"publish","type":"page","link":"https:\/\/sante-augmentee.fr\/index.php\/politique-de-confidentialite\/","title":{"rendered":"Politique de confidentialit\u00e9"},"content":{"rendered":"\t\t<div data-elementor-type=\"wp-page\" data-elementor-id=\"137\" class=\"elementor elementor-137\">\n\t\t\t\t\t\t<section class=\"elementor-section elementor-top-section elementor-element elementor-element-eea8c8e elementor-section-stretched elementor-section-boxed elementor-section-height-default elementor-section-height-default\" data-id=\"eea8c8e\" data-element_type=\"section\" data-e-type=\"section\" data-settings=\"{&quot;stretch_section&quot;:&quot;section-stretched&quot;}\">\n\t\t\t\t\t\t<div class=\"elementor-container elementor-column-gap-default\">\n\t\t\t\t\t<div class=\"elementor-column elementor-col-100 elementor-top-column elementor-element elementor-element-be4f315\" data-id=\"be4f315\" data-element_type=\"column\" data-e-type=\"column\">\n\t\t\t<div class=\"elementor-widget-wrap elementor-element-populated\">\n\t\t\t\t\t\t<div class=\"elementor-element elementor-element-081096b elementor-widget elementor-widget-text-editor\" data-id=\"081096b\" data-element_type=\"widget\" data-e-type=\"widget\" data-widget_type=\"text-editor.default\">\n\t\t\t\t<div class=\"elementor-widget-container\">\n\t\t\t\t\t\t\t\t\t\n<h2 class=\"wp-block-heading\"><a href=\"http:\/\/www.copyrightfrance.com\/certificat-depot-copyright-france-J38J2L8.htm\" rel=\"noopener\"><img decoding=\"async\" class=\"alignnone wp-image-656\" title=\"copyright\" src=\"https:\/\/sante-augmentee.fr\/wp-content\/uploads\/2020\/10\/copyright.png\" alt=\"CopyrightFrance.com\" width=\"172\" height=\"66\" \/><\/a><\/h2>\n<h2>Politique de Confidentialit\u00e9<\/h2>\n\n<p>La pr\u00e9sente Politique de Confidentialit\u00e9 ainsi que les diff\u00e9rentes pages et mentions l\u00e9gales pr\u00e9sentes sur le site sont conformes au R\u00e8glement G\u00e9n\u00e9ral relatif \u00e0 la Protection des Donn\u00e9es (RGPD) mis en vigueur en France le 25 mai 2018.<\/p>\n\n<h2 class=\"wp-block-heading\">ARTICLE 1 \u2013 RENSEIGNEMENTS<br \/>PERSONNELS RECUEILLIS<\/h2>\n\n<p>Lorsque vous effectuez une quelconque d\u00e9marche sur notre site, dans le cadre de notre processus de service, nous recueillons les renseignements personnels que vous nous fournissez, tels que votre nom, votre adresse, votre adresse e-mail et toute information n\u00e9cessaire \u00e0 la r\u00e9alisation du service demand\u00e9.<\/p>\n\n<p>Lorsque vous naviguez sur notre site, nous recevons \u00e9galement automatiquement l\u2019adresse de protocole Internet (adresse IP) de votre ordinateur, qui nous permet d\u2019obtenir plus de d\u00e9tails au sujet du navigateur et du syst\u00e8me d\u2019exploitation que vous utilisez.<\/p>\n\n<p>Marketing par e-mail (le cas \u00e9ch\u00e9ant) : Avec votre permission, nous pourrions vous envoyer des e-mails au sujet de notre boutique, de nouveaux produits et d\u2019autres mises \u00e0 jour.<\/p>\n\n<h2 class=\"wp-block-heading\">ARTICLE 2 -CONSENTEMENT<\/h2>\n\n<p>Comment obtenez-vous mon consentement?<\/p>\n\n<p>Lorsque vous nous fournissez vos renseignements personnels nous pr\u00e9sumons que vous consentez \u00e0 ce que nous recueillions vos renseignements et \u00e0 ce que nous les utilisions \u00e0 cette fin uniquement.<\/p>\n\n<p>Si nous vous demandons de nous fournir vos renseignements personnels pour une autre raison, \u00e0 des fins de marketing par exemple, nous vous demanderons directement votre consentement explicite, ou nous vous donnerons la possibilit\u00e9 de refuser.<\/p>\n\n<p>Comment puis-je retirer mon consentement?<\/p>\n\n<p>Si apr\u00e8s nous avoir donn\u00e9 votre consentement, vous changez d\u2019avis et ne consentez plus \u00e0 ce que nous puissions vous contacter, recueillir vos renseignements ou les divulguer, vous pouvez nous en aviser en nous contactant par email : contact@sante-augmentee.fr<\/p>\n\n<h2 class=\"wp-block-heading\">ARTICLE 3 \u2013 DIVULGATION<\/h2>\n\n<p>Nous pouvons divulguer vos renseignements personnels si la loi nous oblige \u00e0 le faire ou si vous violez nos Conditions G\u00e9n\u00e9rales de Vente et d\u2019Utilisation.<\/p>\n\n<h2 class=\"wp-block-heading\">ARTICLE 4 \u2013 HEBERGEMENT<\/h2>\n\n<p>Notre site est h\u00e9berg\u00e9 sur <a href=\"https:\/\/www.ovh.com\/fr\/domaines\/\" rel=\"noopener\">OVH<\/a>, dont le si\u00e8ge social est situ\u00e9 au 2 rue Kellermann \u2013 59100 Roubaix. Cet h\u00e9bergeur peut \u00eatre contact\u00e9 par t\u00e9l\u00e9phone au 0972101007.<\/p>\n\n<p>Nous utilisons la plateforme WORDPRESS et la plateforme CLICK FUNNELS afin de vous vendre nos services et produits.<\/p>\n\t\t\t\t\t\t\t\t<\/div>\n\t\t\t\t<\/div>\n\t\t\t\t\t<\/div>\n\t\t<\/div>\n\t\t\t\t\t<\/div>\n\t\t<\/section>\n\t\t\t\t<\/div>\n\t\t","protected":false},"excerpt":{"rendered":"<p>Politique de Confidentialit\u00e9 La pr\u00e9sente Politique de Confidentialit\u00e9 ainsi que les diff\u00e9rentes pages et mentions l\u00e9gales pr\u00e9sentes sur le site sont conformes au R\u00e8glement G\u00e9n\u00e9ral relatif \u00e0 la Protection des Donn\u00e9es (RGPD) mis en vigueur en France le 25 mai 2018. ARTICLE 1 \u2013 RENSEIGNEMENTSPERSONNELS RECUEILLIS Lorsque vous effectuez une quelconque d\u00e9marche sur notre site, [&hellip;]<\/p>\n","protected":false},"author":2,"featured_media":0,"parent":0,"menu_order":0,"comment_status":"closed","ping_status":"closed","template":"","meta":{"footnotes":""},"class_list":["post-137","page","type-page","status-publish","hentry"],"_links":{"self":[{"href":"https:\/\/sante-augmentee.fr\/index.php\/wp-json\/wp\/v2\/pages\/137","targetHints":{"allow":["GET"]}}],"collection":[{"href":"https:\/\/sante-augmentee.fr\/index.php\/wp-json\/wp\/v2\/pages"}],"about":[{"href":"https:\/\/sante-augmentee.fr\/index.php\/wp-json\/wp\/v2\/types\/page"}],"author":[{"embeddable":true,"href":"https:\/\/sante-augmentee.fr\/index.php\/wp-json\/wp\/v2\/users\/2"}],"replies":[{"embeddable":true,"href":"https:\/\/sante-augmentee.fr\/index.php\/wp-json\/wp\/v2\/comments?post=137"}],"version-history":[{"count":0,"href":"https:\/\/sante-augmentee.fr\/index.php\/wp-json\/wp\/v2\/pages\/137\/revisions"}],"wp:attachment":[{"href":"https:\/\/sante-augmentee.fr\/index.php\/wp-json\/wp\/v2\/media?parent=137"}],"curies":[{"name":"wp","href":"https:\/\/api.w.org\/{rel}","templated":true}]}}