{"id":140,"date":"2020-09-25T19:19:07","date_gmt":"2020-09-25T17:19:07","guid":{"rendered":"https:\/\/sante-augmentee.fr\/?page_id=140"},"modified":"2020-10-23T17:47:08","modified_gmt":"2020-10-23T15:47:08","slug":"cgv","status":"publish","type":"page","link":"https:\/\/sante-augmentee.fr\/index.php\/cgv\/","title":{"rendered":"CGV"},"content":{"rendered":"\t\t<div data-elementor-type=\"wp-page\" data-elementor-id=\"140\" class=\"elementor elementor-140\">\n\t\t\t\t\t\t<section class=\"elementor-section elementor-top-section elementor-element elementor-element-60b41bf elementor-section-stretched elementor-section-boxed elementor-section-height-default elementor-section-height-default\" data-id=\"60b41bf\" data-element_type=\"section\" data-e-type=\"section\" data-settings=\"{&quot;stretch_section&quot;:&quot;section-stretched&quot;}\">\n\t\t\t\t\t\t<div class=\"elementor-container elementor-column-gap-default\">\n\t\t\t\t\t<div class=\"elementor-column elementor-col-100 elementor-top-column elementor-element elementor-element-094a8ed\" data-id=\"094a8ed\" data-element_type=\"column\" data-e-type=\"column\">\n\t\t\t<div class=\"elementor-widget-wrap elementor-element-populated\">\n\t\t\t\t\t\t<div class=\"elementor-element elementor-element-b753b3b elementor-widget elementor-widget-text-editor\" data-id=\"b753b3b\" data-element_type=\"widget\" data-e-type=\"widget\" data-widget_type=\"text-editor.default\">\n\t\t\t\t<div class=\"elementor-widget-container\">\n\t\t\t\t\t\t\t\t\t\n<h2 class=\"wp-block-heading\"><a href=\"http:\/\/www.copyrightfrance.com\/certificat-depot-copyright-france-J38J2L8.htm\" rel=\"noopener\"><img decoding=\"async\" class=\"alignnone wp-image-656\" title=\"copyright\" src=\"https:\/\/sante-augmentee.fr\/wp-content\/uploads\/2020\/10\/copyright.png\" alt=\"CopyrightFrance.com\" width=\"172\" height=\"66\" \/><\/a><\/h2>\n<h2>Conditions g\u00e9n\u00e9rales de vente<\/h2>\n\n<p>Les pr\u00e9sentes conditions g\u00e9n\u00e9rales de vente s&rsquo;appliquent \u00e0 toutes les ventes conclues sur le site Internet <a href=\"https:\/\/sante-augmentee.fr\/\" target=\"_blank\" rel=\"noreferrer noopener\">sante-augmentee.fr<\/a> ou bien via le CMS Click Funnels, sous r\u00e9serve des conditions particuli\u00e8res indiqu\u00e9es dans la pr\u00e9sentation des produits.<\/p>\n\n<p>Ci-apr\u00e8s le \u00ab Vendeur \u00bb ou la \u00ab Soci\u00e9t\u00e9 \u00bb, d\u00e9sign\u00e9 \u00e9galement par \u00ab on \u00bb ou \u00ab nous \u00bb. D\u2019une part,<\/p>\n\n<p>Et la personne physique ou morale proc\u00e9dant \u00e0 l\u2019achat de produits ou services de la soci\u00e9t\u00e9, Ci-apr\u00e8s, \u00ab l\u2019Acheteur \u00bb, ou \u00ab le Client \u00bb, d\u00e9sign\u00e9 \u00e9galement par \u00ab vous \u00bb<\/p>\n\n<p>D\u2019autre part,<\/p>\n\n<p>Il a \u00e9t\u00e9 expos\u00e9 et convenu ce qui suit :<\/p>\n\n<h3 class=\"wp-block-heading\">ARTICLE 1 : MENTIONS OBLIGATOIRES<\/h3>\n\n<p>Le site Internet <a href=\"https:\/\/sante-augmentee.fr\/\" target=\"_blank\" rel=\"noreferrer noopener\">sante-augmentee.fr<\/a> est un produit de :<\/p>\n\n<ul class=\"wp-block-list\">\n<li>Auto-entrepreneur : Mr Rapha\u00ebl Lim Houn Tchen<\/li>\n<li>Mail : contact@sante-augmentee.fr<\/li>\n<\/ul>\n\n<h3 class=\"wp-block-heading\">ARTICLE 2 : CARACT\u00c9RISTIQUES<br \/>ESSENTIELLES DES SERVICES ET PRODUITS<br \/>VENDUS \/ DISPOSITIONS G\u00c9N\u00c9RALES<\/h3>\n\n<p>Nous nous r\u00e9servons la possibilit\u00e9 de modifier les pr\u00e9sentes, \u00e0 tout moment par la publication d\u2019une nouvelle version sur son site Internet. Les CGV applicables sont alors celles \u00e9tant en vigueur \u00e0 la date du paiement (ou du premier paiement en cas de paiements multiples) de la commande. Ces CGV sont consultables sur le site Internet de la Soci\u00e9t\u00e9 \u00e0 l&rsquo;adresse suivante : <a href=\"https:\/\/sante-augmentee.fr\/\" target=\"_blank\" rel=\"noreferrer noopener\">sante-augmentee.fr<\/a><\/p>\n\n<p>Le site Internet sant\u00e9-augment\u00e9e.fr est une plateforme sp\u00e9cialis\u00e9e dans la nutrition et le bien-\u00eatre. Le site propose des articles ainsi que la vente de produits d\u00e9mat\u00e9rialis\u00e9s et produits d\u2019affiliation.<\/p>\n\n<p>La liste et le descriptif des biens et produits propos\u00e9s peuvent \u00eatre consult\u00e9s sur les sites susmentionn\u00e9s. Vous d\u00e9clarez avoir pris connaissance et avoir accept\u00e9 les conditions g\u00e9n\u00e9rales de vente ant\u00e9rieurement \u00e0 la passation de sa commande. La validation de votre<br \/>commande vaut donc pour acceptation des conditions g\u00e9n\u00e9rales de vente.<\/p>\n\n<p>Nos produits peuvent \u00eatre disponibles en quantit\u00e9s limit\u00e9es et peuvent uniquement faire l\u2019objet de remboursements conform\u00e9ment \u00e0 notre <a href=\"https:\/\/sante-augmentee.fr\/index.php\/politique-de-retour-et-de-remboursement\/\">Politique de Retour et de Remboursement<\/a>.<br \/><br \/><\/p>\n\n<p>Nous nous r\u00e9servons le droit, sans toutefois \u00eatre oblig\u00e9s de le faire, de limiter les ventes de produits \u00e0 toute personne, et dans toute r\u00e9gion g\u00e9ographique ou juridiction. Nous pourrions exercer ce droit au cas par cas. Nous nous r\u00e9servons le droit de limiter les quantit\u00e9s de tout produit que nous offrons. Toutes les descriptions de produits et tous les prix des produits peuvent \u00eatre modifi\u00e9s en tout temps sans avis pr\u00e9alable, \u00e0 notre seule discr\u00e9tion. Toute modification ne sera valable que pour les nouveaux abonnements et n\u2019aura aucune incidence sur ceux souscrits ant\u00e9rieurement \u00e0 ladite modification. Nous nous r\u00e9servons le droit d\u2019arr\u00eater d\u2019offrir un produit \u00e0 tout moment. Toute offre de produit ou pr\u00e9sent\u00e9e sur ce site est nulle l\u00e0 o\u00f9 la loi l\u2019interdit.<\/p>\n\n<p>Nous ne garantissons pas que la qualit\u00e9 de tous les produits, services, informations, ou toute autre marchandise que vous avez obtenue ou achet\u00e9e r\u00e9pondra \u00e0 vos attentes, ni que toute erreur dans le Produit sera corrig\u00e9e.<\/p>\n\n<h3 class=\"wp-block-heading\">ARTICLE 3 : PRIX<\/h3>\n\n<p>Les prix de nos produits sont indiqu\u00e9s en euros toutes taxes comprises (TTC) et ne sont valables qu\u2019\u00e0 la date de la commande. Lorsque la T.V.A. est applicable, les prix tiennent compte du taux de T.V.A. applicable au jour de la commande.<\/p>\n\n<h3 class=\"wp-block-heading\">ARTICLE 4 : CONCLUSION DU CONTRAT EN LIGNE<\/h3>\n\n<p>Pour commander nos sur notre site ou sur la plateforme Click Funnels, choisissez vos articles et ajoutez-les au panier. Validez le contenu de votre panier, puis :<\/p>\n\n<p>Indiquez vos informations personnelles.<\/p>\n\n<p>Choisissez votre mode de paiement et validez ce dernier.<\/p>\n\n<p>Vous recevrez un e-mail de confirmation de votre commande sur l&rsquo;adresse mail que vous avez indiqu\u00e9e lors de la cr\u00e9ation de votre compte client avec vos identifiants de connexion.<\/p>\n\n<p>V\u00e9rifiez les d\u00e9tails et le montant total de votre commande. Rectifiez au pr\u00e9alable les \u00e9ventuelles erreurs avant toute acceptation.<\/p>\n\n<p>Le transfert de propri\u00e9t\u00e9 du produit n&rsquo;aura lieu qu&rsquo;au paiement complet de votre commande.<\/p>\n\n<p>La langue propos\u00e9e pour la conclusion du contrat est la langue fran\u00e7aise.<\/p>\n\n<p>L&rsquo;archivage des communications, de la commande, des d\u00e9tails de la commande, ainsi que des factures est effectu\u00e9 sur un support fiable et durable de mani\u00e8re \u00e0 constituer une copie fid\u00e8le et durable. Ces informations peuvent \u00eatre produites \u00e0 titre de preuve du contrat.<\/p>\n\n<p>Vous acceptez de fournir des informations de commande et de compte \u00e0 jour, compl\u00e8tes et exactes pour toutes les commandes pass\u00e9es sur notre site. Vous vous engagez \u00e0 mettre \u00e0 jour rapidement votre compte et vos autres informations, y compris votre adresse e-mail, vos num\u00e9ros de cartes de cr\u00e9dit et dates d\u2019expiration pour que nous poussions compl\u00e9ter vos transactions et vous contacter si n\u00e9cessaire.<\/p>\n\n<p>Nous nous r\u00e9servons la possibilit\u00e9 de refuser la commande, par exemple pour toute demande anormale, r\u00e9alis\u00e9e de mauvaise foi ou pour tout motif l\u00e9gitime. Nous pourrions, \u00e0 notre seule discr\u00e9tion, r\u00e9duire ou annuler les quantit\u00e9s achet\u00e9es par personne, par foyer ou par commande. Ces restrictions pourraient inclure des commandes pass\u00e9es par ou depuis le m\u00eame compte client, la m\u00eame carte de cr\u00e9dit. Dans le cas o\u00f9 nous modifierions une commande ou si nous venions \u00e0 l\u2019annuler, nous pourrions tenter de vous avertir en vous contactant \u00e0 l\u2019e-mail et\/ou \u00e0 l\u2019adresse de facturation\/au num\u00e9ro de t\u00e9l\u00e9phone fourni au moment o\u00f9 la commande a \u00e9t\u00e9 pass\u00e9e.<\/p>\n\n<p>Pour plus de d\u00e9tails, veuillez consulter notre <a href=\"https:\/\/sante-augmentee.fr\/index.php\/politique-de-retour-et-de-remboursement\/\">Politique de Retour et de Remboursement<\/a>.<br \/>https:\/\/sante-augmentee.fr\/index.php\/politique-de-retour-et-de-remboursement\/<\/p>\n\n<h3 class=\"wp-block-heading\">ARTICLE 5 : LIVRAISON<\/h3>\n\n<p>Les produits sont livr\u00e9s \u00e0 l&rsquo;adresse email qui a \u00e9t\u00e9 indiqu\u00e9e lors de la commande et g\u00e9n\u00e9ralement instantan\u00e9ment \u00e0 la suite de votre achat (suivant la qualit\u00e9 de votre connexion internet).<\/p>\n\n<p>Veuillez noter que nous ne sommes pas responsables en cas d\u2019erreur d\u2019adresse mail ou si vous veniez \u00e0 nous donner une adresse email erron\u00e9e lors du passage de votre commande.<\/p>\n\n<h3 class=\"wp-block-heading\">ARTICLE 6 : PERSONNES MINEURES<\/h3>\n\n<p>Une personne mineure ne peut utiliser ou souscrire \u00e0 l\u2019un de nos produits sans la surveillance d\u2019un tuteur l\u00e9gal. Nous nous d\u00e9gageons de toute responsabilit\u00e9 quelle qu\u2019elle soit si cette mention n\u2019est pas respect\u00e9e.<\/p>\n\n<h3 class=\"wp-block-heading\">ARTICLE 7 : MODALIT\u00c9S DE PAIEMENT<\/h3>\n\n<p>Le paiement est exigible imm\u00e9diatement \u00e0 la commande, y compris pour les produits en pr\u00e9commande. Vous pouvez effectuer le r\u00e8glement par carte de paiement. Les cartes \u00e9mises par des banques domicili\u00e9es hors de la France doivent obligatoirement \u00eatre des cartes bancaires internationales (Mastercard, Visa ou American Express). Le paiement<br \/>s\u00e9curis\u00e9 en ligne par carte bancaire est r\u00e9alis\u00e9 par notre prestataire de paiement. Les informations transmises sont chiffr\u00e9es dans les r\u00e8gles de l\u2019art. Une fois le paiement lanc\u00e9, la transaction est imm\u00e9diatement d\u00e9bit\u00e9e apr\u00e8s v\u00e9rification des informations. Conform\u00e9ment aux dispositions du Code mon\u00e9taire et financier, l\u2019engagement de payer donn\u00e9 par carte est irr\u00e9vocable. En communiquant vos informations bancaires lors de la vente, vous nous autorisez \u00e0 d\u00e9biter votre carte du montant relatif au prix indiqu\u00e9. Vous confirmez \u00eatre bien le titulaire l\u00e9gal de la carte \u00e0 d\u00e9biter et \u00eatre l\u00e9galement en droit d\u2019en faire usage. En cas d\u2019erreur, ou d\u2019impossibilit\u00e9 de d\u00e9biter la carte, la Vente est imm\u00e9diatement r\u00e9solue de plein droit et la commande annul\u00e9e.<\/p>\n\n<p>Nous ne pourrons \u00eatre tenus responsables de tout dysfonctionnement, manquement ou erreur de la part de notre prestataire de paiement que cela soit pendant ou \u00e0 la suite de votre r\u00e8glement.<\/p>\n\n<h3 class=\"wp-block-heading\">ARTICLE 8 : LIENS ET PRODUITS<br \/>D\u2019AFFILIATION<\/h3>\n\n<p>Notre site propose en plus des produits que nous vous offrons, des produits affili\u00e9s commercialis\u00e9s par nos partenaires de confiance.<\/p>\n\n<p>Veuillez noter que nous ne sommes en aucun cas responsable de tout ce qui pourrait intervenir avant, pendant et apr\u00e8s la vente\/ visite du site. Lorsque vous quittez notre site ou r\u00e9alisez un achat par le biais d\u2019un lien affili\u00e9, vous \u00eates soumis aux conditions de cet autre site.<\/p>\n\n<p>Le contrat \u00e9tant conclu entre l\u2019\u00e9diteur du site et vous-m\u00eames, merci de vous adresser \u00e0 ce dernier pour toute question ou tout probl\u00e8me.<\/p>\n\n<h3 class=\"wp-block-heading\">ARTICLE 9 : CONDITIONS ET D\u00c9LAIS DE REMBOURSEMENT<\/h3>\n\n<p>Pour les conditions relatives aux remboursements, merci de vous r\u00e9f\u00e9rer \u00e0 la <a href=\"https:\/\/sante-augmentee.fr\/index.php\/politique-de-retour-et-de-remboursement\/\">Politique de Retour et de Remboursement\u00a0<\/a><\/p>\n\n<h3 class=\"wp-block-heading\">ARTICLE 10 : R\u00c9CLAMATIONS DU<br \/>CONSOMMATEUR<\/h3>\n\n<p>Toute r\u00e9clamation du consommateur est \u00e0 adresser par voie \u00e9lectronique \u00e0 contact@sante-augmentee.fr<\/p>\n\n<p>Conform\u00e9ment aux dispositions des art. L. 611-1 \u00e0 L. 616-3 du Code de la consommation, le consommateur est inform\u00e9 qu&rsquo;il peut recourir \u00e0 un m\u00e9diateur de la consommation dans les conditions pr\u00e9vues par le titre Ier du livre VI du code de la consommation.<\/p>\n\n<p>En cas d&rsquo;\u00e9chec de la demande de r\u00e9clamation aupr\u00e8s du service client du Vendeur, ou en l&rsquo;absence de r\u00e9ponse dans un d\u00e9lai de deux mois, le consommateur peut soumettre le diff\u00e9rent \u00e0 un m\u00e9diateur qui tentera en toute ind\u00e9pendance de rapprocher les parties en vue d&rsquo;obtenir une solution amiable.<\/p>\n\n<h3 class=\"wp-block-heading\">ARTICLE 11 : PROPRI\u00c9T\u00c9 INTELLECTUELLE<\/h3>\n\n<p>Les marques, noms de domaines, produits, textes, commentaires, images, illustrations de notre site nous sont exclusivement r\u00e9serv\u00e9s. Au titre de la propri\u00e9t\u00e9 intellectuelle et du droit d&rsquo;auteur, toute utilisation est prohib\u00e9e sauf \u00e0 usage priv\u00e9.<\/p>\n\n<p>Sans autorisation pr\u00e9alable, toute reproduction totale ou partielle, modification ou utilisation de ces biens pour quelque motif que ce soit est strictement interdite.<\/p>\n\n<h3 class=\"wp-block-heading\">ARTICLE 12 : RESPONSABILIT\u00c9<\/h3>\n\n<p>Conform\u00e9ment \u00e0 l&rsquo;article 1147 du Code civil, nous engageons notre responsabilit\u00e9 contractuelle de plein droit \u00e0 votre \u00e9gard en cas d&rsquo;inex\u00e9cution ou de mauvaise ex\u00e9cution du contrat conclu.<\/p>\n\n<p>Toutefois, notre responsabilit\u00e9 contractuelle ne peut \u00eatre engag\u00e9e dans les situations mentionn\u00e9es ci-dessous :<\/p>\n\n<ul class=\"wp-block-list\">\n<li>cas de la force majeure, nous vous aviserons de la survenance d\u2019un tel \u00e9v\u00e9nement d\u00e8s que possible ;<\/li>\n<li>fait \u00e9tranger qui ne peut nous \u00eatre imputable ;<\/li>\n<\/ul>\n\n<h3 class=\"wp-block-heading\">ARTICLE 13 : DONN\u00c9ES \u00c0 CARACT\u00c8RE PERSONNEL<\/h3>\n\n<p>Pour les conditions relatives aux donn\u00e9es \u00e0 caract\u00e8re personnel, merci de vous r\u00e9f\u00e9rer \u00e0 la <a href=\"https:\/\/sante-augmentee.fr\/index.php\/politique-de-confidentialite\/\">Politique de Confidentialit\u00e9<\/a> \u00a0et aux <a href=\"https:\/\/xn--sant-augmente-ehbi.fr\/index.php\/mentions-legales\/\" rel=\"noopener\">Conditions G\u00e9n\u00e9rales d\u2019Utilisation<\/a>.<\/p>\n\n<h3 class=\"wp-block-heading\">ARTICLE 14 : JURIDICTION COMP\u00c9TENTE ET<br \/>DROIT APPLICABLE<\/h3>\n\n<p>Toutes les clauses figurant dans les pr\u00e9sentes conditions g\u00e9n\u00e9rales de vente, ainsi que toutes les op\u00e9rations d\u2019achat et de vente qui y sont vis\u00e9es, seront soumises au droit fran\u00e7ais.<\/p>\n\n<p>La nullit\u00e9 d&rsquo;une clause contractuelle n&rsquo;entra\u00eene pas la nullit\u00e9 des pr\u00e9sentes conditions g\u00e9n\u00e9rales de vente.<\/p>\n\n<p>En cas de litige entre le client consommateur et notre soci\u00e9t\u00e9, le droit applicable est le droit fran\u00e7ais.<\/p>\n\n<p>Les juridictions fran\u00e7aises ont seules comp\u00e9tences pour trancher le litige.<\/p>\n\n<h3 class=\"wp-block-heading\">ARTICLE 15 : COORDONN\u00c9ES<\/h3>\n\n<p>Toute question concernant les Conditions G\u00e9n\u00e9rales de Vente devra nous \u00eatre envoy\u00e9e \u00e0 contact@sante-augmentee.fr<\/p>\n\n<p>\u00a0<\/p>\n\t\t\t\t\t\t\t\t<\/div>\n\t\t\t\t<\/div>\n\t\t\t\t\t<\/div>\n\t\t<\/div>\n\t\t\t\t\t<\/div>\n\t\t<\/section>\n\t\t\t\t<\/div>\n\t\t","protected":false},"excerpt":{"rendered":"<p>Conditions g\u00e9n\u00e9rales de vente Les pr\u00e9sentes conditions g\u00e9n\u00e9rales de vente s&rsquo;appliquent \u00e0 toutes les ventes conclues sur le site Internet sante-augmentee.fr ou bien via le CMS Click Funnels, sous r\u00e9serve des conditions particuli\u00e8res indiqu\u00e9es dans la pr\u00e9sentation des produits. Ci-apr\u00e8s le \u00ab Vendeur \u00bb ou la \u00ab Soci\u00e9t\u00e9 \u00bb, d\u00e9sign\u00e9 \u00e9galement par \u00ab on \u00bb [&hellip;]<\/p>\n","protected":false},"author":2,"featured_media":0,"parent":0,"menu_order":0,"comment_status":"closed","ping_status":"closed","template":"","meta":{"footnotes":""},"class_list":["post-140","page","type-page","status-publish","hentry"],"_links":{"self":[{"href":"https:\/\/sante-augmentee.fr\/index.php\/wp-json\/wp\/v2\/pages\/140","targetHints":{"allow":["GET"]}}],"collection":[{"href":"https:\/\/sante-augmentee.fr\/index.php\/wp-json\/wp\/v2\/pages"}],"about":[{"href":"https:\/\/sante-augmentee.fr\/index.php\/wp-json\/wp\/v2\/types\/page"}],"author":[{"embeddable":true,"href":"https:\/\/sante-augmentee.fr\/index.php\/wp-json\/wp\/v2\/users\/2"}],"replies":[{"embeddable":true,"href":"https:\/\/sante-augmentee.fr\/index.php\/wp-json\/wp\/v2\/comments?post=140"}],"version-history":[{"count":0,"href":"https:\/\/sante-augmentee.fr\/index.php\/wp-json\/wp\/v2\/pages\/140\/revisions"}],"wp:attachment":[{"href":"https:\/\/sante-augmentee.fr\/index.php\/wp-json\/wp\/v2\/media?parent=140"}],"curies":[{"name":"wp","href":"https:\/\/api.w.org\/{rel}","templated":true}]}}