{"id":1484,"date":"2020-11-08T16:11:53","date_gmt":"2020-11-08T15:11:53","guid":{"rendered":"https:\/\/sante-augmentee.fr\/?page_id=1484"},"modified":"2024-03-09T14:09:55","modified_gmt":"2024-03-09T13:09:55","slug":"maladies","status":"publish","type":"page","link":"https:\/\/sante-augmentee.fr\/index.php\/maladies\/","title":{"rendered":"Maladies"},"content":{"rendered":"\t\t<div data-elementor-type=\"wp-page\" data-elementor-id=\"1484\" class=\"elementor elementor-1484\">\n\t\t\t\t\t\t<section class=\"elementor-section elementor-top-section elementor-element elementor-element-1fb78089 elementor-section-boxed elementor-section-height-default elementor-section-height-default\" data-id=\"1fb78089\" data-element_type=\"section\" data-e-type=\"section\">\n\t\t\t\t\t\t<div class=\"elementor-container elementor-column-gap-default\">\n\t\t\t\t\t<div class=\"elementor-column elementor-col-100 elementor-top-column elementor-element elementor-element-f84cce5\" data-id=\"f84cce5\" data-element_type=\"column\" data-e-type=\"column\">\n\t\t\t<div class=\"elementor-widget-wrap elementor-element-populated\">\n\t\t\t\t\t\t<div class=\"elementor-element elementor-element-5e4b9e36 elementor-widget elementor-widget-text-editor\" data-id=\"5e4b9e36\" data-element_type=\"widget\" data-e-type=\"widget\" data-widget_type=\"text-editor.default\">\n\t\t\t\t<div class=\"elementor-widget-container\">\n\t\t\t\t\t\t\t\t\t<h3><span style=\"color: #7676ab;\">Profitez de nos conseils sant\u00e9.<\/span><\/h3>\n<h5><span style=\"color: #999999;\">Consultez nos articles sur les maladies :\u00a0<\/span><\/h5>\n<blockquote>\n<p><em><span style=\"color: #4907ba;\"><strong><a style=\"color: #4907ba;\" href=\"https:\/\/sante-augmentee.fr\/index.php\/les-maladies-cardiovasculaires\/\"><span style=\"color: #84ab0e;\">Les maladies cardio-vasculaires<\/span><\/a><\/strong><\/span><\/em><\/p>\n<p><em><span style=\"color: #4907ba;\"><a style=\"color: #4907ba;\" href=\"https:\/\/sante-augmentee.fr\/index.php\/vaincre-lacne-naturellement\/\"><strong><span style=\"color: #84ab0e;\">Vaincre l&rsquo;acn\u00e9 naturellement<\/span><\/strong><\/a><span style=\"color: #84ab0e;\">\u00a0<\/span><\/span><\/em><\/p>\n<\/blockquote>\n<p><span style=\"color: #174a6e;\">Toute la joie de vivre est dans une bonne sant\u00e9, en prenant soin d&rsquo;elle vous go\u00fbterez \u00e0 une Vie saine et \u00e9quilibr\u00e9e qui vous pr\u00e9serve des maladies !<\/span><\/p>\n<p><span style=\"color: #174a6e;\"><!-- \/wp:paragraph --><!-- wp:paragraph --> Les pr\u00e9cieux conseils de ce blog peuvent vous aider \u00e0 pr\u00e9server une excellente sant\u00e9.<\/span><\/p>\n<p><span style=\"color: #174a6e;\"><!-- \/wp:paragraph --><!-- wp:paragraph --> Je vous souhaite une bonne lecture !<\/span> <span style=\"color: #12364a;\"><!-- \/wp:paragraph --><!-- wp:image {\"id\":656,\"linkDestination\":\"custom\"} --><\/span><\/p>\n<figure class=\"wp-block-image\"><a href=\"http:\/\/www.copyrightfrance.com\/certificat-depot-copyright-france-J38J2L8.htm\" target=\"_blank\" rel=\"noreferrer noopener\"><img decoding=\"async\" class=\"alignnone wp-image-656\" title=\"copyright du site web sante-augmentee.fr\" src=\"https:\/\/sante-augmentee.fr\/wp-content\/uploads\/2020\/10\/copyright.png\" alt=\"CopyrightFrance.com\" width=\"172\" height=\"66\" \/><\/a><\/figure>\t\t\t\t\t\t\t\t<\/div>\n\t\t\t\t<\/div>\n\t\t\t\t\t<\/div>\n\t\t<\/div>\n\t\t\t\t\t<\/div>\n\t\t<\/section>\n\t\t\t\t<\/div>\n\t\t","protected":false},"excerpt":{"rendered":"<p>Profitez de nos conseils sant\u00e9. Consultez nos articles sur les maladies :\u00a0 Les maladies cardio-vasculaires Vaincre l&rsquo;acn\u00e9 naturellement\u00a0 Toute la joie de vivre est dans une bonne sant\u00e9, en prenant soin d&rsquo;elle vous go\u00fbterez \u00e0 une Vie saine et \u00e9quilibr\u00e9e qui vous pr\u00e9serve des maladies ! Les pr\u00e9cieux conseils de ce blog peuvent vous aider [&hellip;]<\/p>\n","protected":false},"author":2,"featured_media":0,"parent":0,"menu_order":0,"comment_status":"closed","ping_status":"closed","template":"","meta":{"footnotes":""},"class_list":["post-1484","page","type-page","status-publish","hentry"],"_links":{"self":[{"href":"https:\/\/sante-augmentee.fr\/index.php\/wp-json\/wp\/v2\/pages\/1484","targetHints":{"allow":["GET"]}}],"collection":[{"href":"https:\/\/sante-augmentee.fr\/index.php\/wp-json\/wp\/v2\/pages"}],"about":[{"href":"https:\/\/sante-augmentee.fr\/index.php\/wp-json\/wp\/v2\/types\/page"}],"author":[{"embeddable":true,"href":"https:\/\/sante-augmentee.fr\/index.php\/wp-json\/wp\/v2\/users\/2"}],"replies":[{"embeddable":true,"href":"https:\/\/sante-augmentee.fr\/index.php\/wp-json\/wp\/v2\/comments?post=1484"}],"version-history":[{"count":0,"href":"https:\/\/sante-augmentee.fr\/index.php\/wp-json\/wp\/v2\/pages\/1484\/revisions"}],"wp:attachment":[{"href":"https:\/\/sante-augmentee.fr\/index.php\/wp-json\/wp\/v2\/media?parent=1484"}],"curies":[{"name":"wp","href":"https:\/\/api.w.org\/{rel}","templated":true}]}}