{"id":152,"date":"2020-09-25T20:28:54","date_gmt":"2020-09-25T18:28:54","guid":{"rendered":"https:\/\/sante-augmentee.fr\/?page_id=152"},"modified":"2020-10-18T20:18:26","modified_gmt":"2020-10-18T18:18:26","slug":"politique-de-retour-et-de-remboursement","status":"publish","type":"page","link":"https:\/\/sante-augmentee.fr\/index.php\/politique-de-retour-et-de-remboursement\/","title":{"rendered":"Politique de Retour et de Remboursement"},"content":{"rendered":"\t\t<div data-elementor-type=\"wp-page\" data-elementor-id=\"152\" class=\"elementor elementor-152\">\n\t\t\t\t\t\t<section class=\"elementor-section elementor-top-section elementor-element elementor-element-454a2b7 elementor-section-stretched elementor-section-boxed elementor-section-height-default elementor-section-height-default\" data-id=\"454a2b7\" data-element_type=\"section\" data-e-type=\"section\" data-settings=\"{&quot;stretch_section&quot;:&quot;section-stretched&quot;}\">\n\t\t\t\t\t\t<div class=\"elementor-container elementor-column-gap-default\">\n\t\t\t\t\t<div class=\"elementor-column elementor-col-100 elementor-top-column elementor-element elementor-element-6e231c8\" data-id=\"6e231c8\" data-element_type=\"column\" data-e-type=\"column\">\n\t\t\t<div class=\"elementor-widget-wrap elementor-element-populated\">\n\t\t\t\t\t\t<div class=\"elementor-element elementor-element-553ceef elementor-widget elementor-widget-text-editor\" data-id=\"553ceef\" data-element_type=\"widget\" data-e-type=\"widget\" data-widget_type=\"text-editor.default\">\n\t\t\t\t<div class=\"elementor-widget-container\">\n\t\t\t\t\t\t\t\t\t\n<h2 class=\"wp-block-heading\">Politique de Retour et de<br>Remboursement<\/h2>\n\n\n\n<h4 class=\"wp-block-heading\">ARTICLE 1 : CONDITIONS DE RESERVATION<\/h4>\n\n\n\n<p>Vous proc\u00e9dez \u00e0 l\u2019achat d\u00e8s le moment o\u00f9 vous rentrez vos informations bancaires et o\u00f9 vous validez ces derni\u00e8res. Ce faisant, vous reconnaissez explicitement votre obligation de paiement \u00e0 Monsieur Rapha\u00ebl Lim Houn Tchen, cr\u00e9ateur et propri\u00e9taire du site internet https:\/\/sant\u00e9-augment\u00e9e.fr et auteur du guide num\u00e9rique \u00ab STRAT\u00c9GIE MINCEUR \u00bb<\/p>\n\n\n\n<h4 class=\"wp-block-heading\">ARTICLE 2 : CONDITIONS DE RETOUR ET<br>REMBOURSEMENTS<\/h4>\n\n\n\n<p>Conform\u00e9ment \u00e0 l&rsquo;article L. 221-28 du Code de la consommation, concernant les produits d\u00e9mat\u00e9rialis\u00e9s et digitaux, ces derniers vous sont fournis instantan\u00e9ment \u00e0 la suite de votre achat. Ainsi, lorsque vous validez vos informations bancaires pour confirmer votre commande, vous renoncez \u00e0 votre droit de r\u00e9tractation.<\/p>\n\n\n\n<p>Toutefois, vous disposez d\u2019un droit au remboursement d\u2019une dur\u00e9e de 30 jours \u00e0 r\u00e9ception de votre commande dans le cas o\u00f9 le produit n\u2019aurait pas les effets escompt\u00e9s. Pass\u00e9 ce d\u00e9lai, aucun remboursement ne sera possible.<\/p>\n\n\n\n<p>Pour user de votre droit, vous devez en faire la demande par mail \u00e0 contact@sant\u00e9-augment\u00e9e.fr accompagn\u00e9 d\u2019un justificatif d\u2019achat afin de pouvoir ouvrir un dossier li\u00e9 \u00e0 votre remboursement.<\/p>\n\n\n\n<p>Le site sant\u00e9-augment\u00e9e.fr se r\u00e9serve le droit de vous demander des informations compl\u00e9mentaires pour que votre demande de rembour-sement soit accept\u00e9e comme :<\/p>\n\n\n\n<ul class=\"wp-block-list\"><li>La liste d\u00e9taill\u00e9e de tous les aliments que vous avez consomm\u00e9s \u00e0 chaque repas durant les 15 derniers jours, ainsi que la quantit\u00e9 en grammes pour chaque aliment.<\/li><li>La liste d\u00e9taill\u00e9e de votre nombre d\u2019heures de sommeil durant les 15 derniers jours.<\/li><li>La liste d\u00e9taill\u00e9e des activit\u00e9s que vous avez pratiqu\u00e9es durant les 15 derniers jours pour r\u00e9duire votre stress. Pr\u00e9cisez pour chaque activit\u00e9 le nombre de minutes que vous y avez consacr\u00e9 chaque jour.<\/li><li>La liste d\u00e9taill\u00e9e des activit\u00e9s sportives que vous avez pratiqu\u00e9es durant les 15 derniers jours. Pr\u00e9cisez le nombre de minutes que vous y avez consacr\u00e9 chaque jour.<\/li><li>La liste d\u00e9taill\u00e9e des aliments sucr\u00e9s que vous avez consomm\u00e9s durant les 15 derniers jours ainsi que la teneur exacte en sucre exprim\u00e9e en grammes pour chacun de ces aliments.<\/li><\/ul>\n\n\n\n<p>Ces \u00e9l\u00e9ments devront \u00eatre pr\u00e9sent\u00e9s sous forme d\u2019un tableau r\u00e9capitulatif et nous permettrons de v\u00e9rifier si l\u2019ensemble des conseils, astuces, \u00e9l\u00e9ments pratiques pr\u00e9sents dans nos produits ont \u00e9t\u00e9 appliqu\u00e9s.<\/p>\n\n\n\n<p>Si votre demande est accept\u00e9e, nous proc\u00e9derons dans les plus brefs d\u00e9lais \u00e0 un remboursement int\u00e9gral \u00e9quivalent au prix du produit au moment de l\u2019achat sur le moyen de paiement utilis\u00e9 au cours de ce dernier.<\/p>\n\n\n\n<h3 class=\"wp-block-heading\">ARTICLE 3 : COORDONN\u00c9ES<\/h3>\n\n\n\n<p>Toute question concernant la Politique de Retour et de Remboursements devra nous \u00eatre envoy\u00e9e \u00e0 contact@sant\u00e9-augment\u00e9e.fr<\/p>\n\n\n\n<p><\/p>\n\t\t\t\t\t\t\t\t<\/div>\n\t\t\t\t<\/div>\n\t\t\t\t\t<\/div>\n\t\t<\/div>\n\t\t\t\t\t<\/div>\n\t\t<\/section>\n\t\t\t\t<\/div>\n\t\t","protected":false},"excerpt":{"rendered":"<p>Politique de Retour et deRemboursement ARTICLE 1 : CONDITIONS DE RESERVATION Vous proc\u00e9dez \u00e0 l\u2019achat d\u00e8s le moment o\u00f9 vous rentrez vos informations bancaires et o\u00f9 vous validez ces derni\u00e8res. Ce faisant, vous reconnaissez explicitement votre obligation de paiement \u00e0 Monsieur Rapha\u00ebl Lim Houn Tchen, cr\u00e9ateur et propri\u00e9taire du site internet https:\/\/sant\u00e9-augment\u00e9e.fr et auteur du [&hellip;]<\/p>\n","protected":false},"author":2,"featured_media":0,"parent":0,"menu_order":0,"comment_status":"closed","ping_status":"closed","template":"","meta":{"footnotes":""},"class_list":["post-152","page","type-page","status-publish","hentry"],"_links":{"self":[{"href":"https:\/\/sante-augmentee.fr\/index.php\/wp-json\/wp\/v2\/pages\/152","targetHints":{"allow":["GET"]}}],"collection":[{"href":"https:\/\/sante-augmentee.fr\/index.php\/wp-json\/wp\/v2\/pages"}],"about":[{"href":"https:\/\/sante-augmentee.fr\/index.php\/wp-json\/wp\/v2\/types\/page"}],"author":[{"embeddable":true,"href":"https:\/\/sante-augmentee.fr\/index.php\/wp-json\/wp\/v2\/users\/2"}],"replies":[{"embeddable":true,"href":"https:\/\/sante-augmentee.fr\/index.php\/wp-json\/wp\/v2\/comments?post=152"}],"version-history":[{"count":0,"href":"https:\/\/sante-augmentee.fr\/index.php\/wp-json\/wp\/v2\/pages\/152\/revisions"}],"wp:attachment":[{"href":"https:\/\/sante-augmentee.fr\/index.php\/wp-json\/wp\/v2\/media?parent=152"}],"curies":[{"name":"wp","href":"https:\/\/api.w.org\/{rel}","templated":true}]}}