{"id":165,"date":"2020-09-26T19:27:11","date_gmt":"2020-09-26T17:27:11","guid":{"rendered":"https:\/\/sante-augmentee.fr\/?page_id=165"},"modified":"2020-10-18T20:21:26","modified_gmt":"2020-10-18T18:21:26","slug":"charte-sur-les-cookies","status":"publish","type":"page","link":"https:\/\/sante-augmentee.fr\/index.php\/charte-sur-les-cookies\/","title":{"rendered":"Charte sur les Cookies"},"content":{"rendered":"\t\t<div data-elementor-type=\"wp-page\" data-elementor-id=\"165\" class=\"elementor elementor-165\">\n\t\t\t\t\t\t<section class=\"elementor-section elementor-top-section elementor-element elementor-element-06d6696 elementor-section-stretched elementor-section-boxed elementor-section-height-default elementor-section-height-default\" data-id=\"06d6696\" data-element_type=\"section\" data-e-type=\"section\" data-settings=\"{&quot;stretch_section&quot;:&quot;section-stretched&quot;}\">\n\t\t\t\t\t\t<div class=\"elementor-container elementor-column-gap-default\">\n\t\t\t\t\t<div class=\"elementor-column elementor-col-100 elementor-top-column elementor-element elementor-element-fbbca84\" data-id=\"fbbca84\" data-element_type=\"column\" data-e-type=\"column\">\n\t\t\t<div class=\"elementor-widget-wrap elementor-element-populated\">\n\t\t\t\t\t\t<div class=\"elementor-element elementor-element-8331dcf elementor-widget elementor-widget-text-editor\" data-id=\"8331dcf\" data-element_type=\"widget\" data-e-type=\"widget\" data-widget_type=\"text-editor.default\">\n\t\t\t\t<div class=\"elementor-widget-container\">\n\t\t\t\t\t\t\t\t\t<p>Cette Charte sur les Cookies d\u00e9crit la fa\u00e7on dont les cookies sont utilis\u00e9s sur notre site Internet et comment vous pouvez activer ou d\u00e9sactiver les cookies.<\/p><p>Le site sant\u00e9-augment\u00e9e.fr\u00a0vous informe qu&rsquo;il est susceptible d&rsquo;utiliser des \u00abcookies\u00bb temporaires valables le temps d&rsquo;une session de consultation.<\/p><p>Ces \u00ab\u00a0cookies\u00a0\u00bb sont des donn\u00e9es stock\u00e9es en fichier temporaire internet dans votre ordinateur. Les \u00abcookies\u00bb ne nous permettent pas de vous identifier. En revanche, ils enregistrent des informations relatives \u00e0 la navigation de votre ordinateur sur notre site (les pages que vous avez consult\u00e9es, la date et l&rsquo;heure de la consultation, etc.) que nous pourrons lire lors de vos visites ult\u00e9rieures.<\/p><p>Le site sant\u00e9-augment\u00e9.fr\u00a0est susceptible d&rsquo;utiliser des \u00abcookies\u00bb permanents. Les donn\u00e9es recueillies gr\u00e2ce \u00e0 ces \u00abcookies\u00bb ont plusieurs objectifs :<\/p><ul><li>\u00a0Vous pr\u00e9senter des publicit\u00e9s qui sont plus pertinentes pour vous et vos int\u00e9r\u00eats<\/li><li>\u00a0Vous rappeler vos requ\u00eates les plus fr\u00e9quemment cherch\u00e9es<\/li><\/ul><p><strong>Nous vous informons que vous pouvez vous opposer \u00e0 l&rsquo;enregistrement de \u00abcookies\u00bb en configurant votre navigateur de la mani\u00e8re suivante :<\/strong><\/p><p><b>Comment supprimer tous les cookies sous Firefox ?<\/b><\/p><ol><li>Cliquez sur le bouton de menu,\u00a0en haut \u00e0 droite de la fen\u00eatre, choisissez \u00ab\u00a0Historique\u00a0\u00bb.<\/li><li>Dans le menu d\u00e9roulant\u00a0Intervalle \u00e0 effacer, s\u00e9lectionnez\u00a0tout.<\/li><li>Cliquez sur la fl\u00e8che pr\u00e8s de D\u00e9tails pour afficher le d\u00e9tail des \u00e9l\u00e9ments contenus dans l&rsquo;historique.<\/li><li>Cochez la case Cookies et assurez-vous que les \u00e9l\u00e9ments que vous souhaitez conserver ne sont pas s\u00e9lectionn\u00e9s.<\/li><li>Cliquez sur \u00ab\u00a0Effacer maintenant\u00a0\u00bb pour supprimer tous les cookies et fermez la fen\u00eatre.<\/li><\/ol><p><b>Comment supprimer tous les cookies sous Internet Explorer ?<\/b><\/p><ol><li>\u00a0Dans Internet Explorer, s\u00e9lectionnez le bouton\u00a0Outils, pointez sur\u00a0S\u00e9curit\u00e9, puis s\u00e9lectionnez \u00ab\u00a0Supprimer l\u2019historique de navigation\u00a0\u00bb.<\/li><li>Cochez la case\u00a0Cookies et donn\u00e9es de sites web, puis cliquez sur\u00a0Supprimer.<\/li><\/ol><p><b>Comment supprimer tous les cookies sous Safari ?<\/b><\/p><ol><li>Choisissez Safari -&gt; Pr\u00e9f\u00e9rences.<\/li><li>Cliquez sur S\u00e9curit\u00e9.<\/li><li>Cliquez sur Afficher les cookies.<\/li><li>S\u00e9lectionnez les cookies voulus et cliquez sur Effacer ou sur Tout effacer.<\/li><li>Apr\u00e8s avoir supprim\u00e9 les cookies, cliquez sur Termin\u00e9.<\/li><\/ol><p><b>Comment supprimer tous les cookies sous Google Chrome ?<\/b><\/p><ol><li>Ouvrez Chrome.<\/li><li>Dans la barre d&rsquo;outils de votre navigateur, cliquez sur le menu Chrome en haut \u00e0 droite de la fen\u00eatre.<\/li><li>Cliquez sur Plus d&rsquo;outils &gt; Effacer les donn\u00e9es de navigation.<\/li><li>Dans la bo\u00eete de dialogue qui s&rsquo;affiche, cochez les cases Cookies et autres donn\u00e9es de site et de plug-in et Images et fichiers en cache.<\/li><li>Utilisez le menu situ\u00e9 en haut de l&rsquo;\u00e9cran pour s\u00e9lectionner la quantit\u00e9 de donn\u00e9es \u00e0 supprimer.<\/li><li>S\u00e9lectionnez tous pour supprimer tous les \u00e9l\u00e9ments<\/li><li>Cliquez sur Effacer les donn\u00e9es de navigation.<\/li><\/ol><p><b>Tous les autres navigateurs\u00a0:<\/b><\/p><p>Pour plus d&rsquo;informations sur comment g\u00e9rer les cookies par l&rsquo;interm\u00e9diaire d&rsquo;autres navigateurs, veuillez consulter votre documentation ou des fichiers d&rsquo;aide en ligne.<\/p><p>Afin de mieux vous servir, nous mesurons le nombre de pages vues, le nombre de visites ainsi que l&rsquo;activit\u00e9 des visiteurs sur le site et leur fr\u00e9quence de retour.<\/p>\t\t\t\t\t\t\t\t<\/div>\n\t\t\t\t<\/div>\n\t\t\t\t\t<\/div>\n\t\t<\/div>\n\t\t\t\t\t<\/div>\n\t\t<\/section>\n\t\t\t\t<\/div>\n\t\t","protected":false},"excerpt":{"rendered":"<p>Cette Charte sur les Cookies d\u00e9crit la fa\u00e7on dont les cookies sont utilis\u00e9s sur notre site Internet et comment vous pouvez activer ou d\u00e9sactiver les cookies. Le site sant\u00e9-augment\u00e9e.fr\u00a0vous informe qu&rsquo;il est susceptible d&rsquo;utiliser des \u00abcookies\u00bb temporaires valables le temps d&rsquo;une session de consultation. Ces \u00ab\u00a0cookies\u00a0\u00bb sont des donn\u00e9es stock\u00e9es en fichier temporaire internet dans [&hellip;]<\/p>\n","protected":false},"author":2,"featured_media":0,"parent":0,"menu_order":0,"comment_status":"closed","ping_status":"closed","template":"","meta":{"footnotes":""},"class_list":["post-165","page","type-page","status-publish","hentry"],"_links":{"self":[{"href":"https:\/\/sante-augmentee.fr\/index.php\/wp-json\/wp\/v2\/pages\/165","targetHints":{"allow":["GET"]}}],"collection":[{"href":"https:\/\/sante-augmentee.fr\/index.php\/wp-json\/wp\/v2\/pages"}],"about":[{"href":"https:\/\/sante-augmentee.fr\/index.php\/wp-json\/wp\/v2\/types\/page"}],"author":[{"embeddable":true,"href":"https:\/\/sante-augmentee.fr\/index.php\/wp-json\/wp\/v2\/users\/2"}],"replies":[{"embeddable":true,"href":"https:\/\/sante-augmentee.fr\/index.php\/wp-json\/wp\/v2\/comments?post=165"}],"version-history":[{"count":0,"href":"https:\/\/sante-augmentee.fr\/index.php\/wp-json\/wp\/v2\/pages\/165\/revisions"}],"wp:attachment":[{"href":"https:\/\/sante-augmentee.fr\/index.php\/wp-json\/wp\/v2\/media?parent=165"}],"curies":[{"name":"wp","href":"https:\/\/api.w.org\/{rel}","templated":true}]}}