{"id":23,"date":"2020-09-21T12:41:04","date_gmt":"2020-09-21T10:41:04","guid":{"rendered":"https:\/\/sante-augmentee.fr\/?page_id=23"},"modified":"2021-08-04T19:08:49","modified_gmt":"2021-08-04T17:08:49","slug":"a-propos","status":"publish","type":"page","link":"https:\/\/sante-augmentee.fr\/index.php\/a-propos\/","title":{"rendered":"\u00c0 propos"},"content":{"rendered":"\t\t<div data-elementor-type=\"wp-page\" data-elementor-id=\"23\" class=\"elementor elementor-23\">\n\t\t\t\t\t\t<header class=\"elementor-section elementor-top-section elementor-element elementor-element-ecee721 elementor-section-stretched elementor-section-boxed elementor-section-height-default elementor-section-height-default\" data-id=\"ecee721\" data-element_type=\"section\" data-e-type=\"section\" data-settings=\"{&quot;stretch_section&quot;:&quot;section-stretched&quot;,&quot;background_background&quot;:&quot;classic&quot;}\">\n\t\t\t\t\t\t<div class=\"elementor-container elementor-column-gap-default\">\n\t\t\t\t\t<div class=\"elementor-column elementor-col-100 elementor-top-column elementor-element elementor-element-8f1bf5b\" data-id=\"8f1bf5b\" data-element_type=\"column\" data-e-type=\"column\">\n\t\t\t<div class=\"elementor-widget-wrap elementor-element-populated\">\n\t\t\t\t\t\t<div class=\"elementor-element elementor-element-55448ad elementor-widget elementor-widget-text-editor\" data-id=\"55448ad\" data-element_type=\"widget\" data-e-type=\"widget\" data-widget_type=\"text-editor.default\">\n\t\t\t\t<div class=\"elementor-widget-container\">\n\t\t\t\t\t\t\t\t\t<h3 style=\"text-align: center;\"><span style=\"color: #666699;\"><strong>Notre Sant\u00e9 est pr\u00e9cieuse !<\/strong> <\/span><\/h3><blockquote><p><span style=\"color: #6b3e1b;\">Sur ce blog, vous trouverez les meilleurs conseils pour pr\u00e9server la v\u00f4tre. Gr\u00e2ce aux astuces que je vais vous donner, la sant\u00e9 n\u2019aura plus de secrets pour vous !<\/span><\/p><\/blockquote><p style=\"text-align: center;\"><a href=\"http:\/\/www.copyrightfrance.com\/certificat-depot-copyright-france-J38J2L8.htm\" target=\"_blank\" rel=\"noopener\"><img decoding=\"async\" class=\"aligncenter wp-image-2616\" title=\"copyright\" src=\"https:\/\/xn--sant-augmente-ehbi.fr\/wp-content\/uploads\/2020\/05\/copyrightfrance-e1593883457710.png\" alt=\"CopyrightFrance.com\" width=\"174\" height=\"67\" \/><\/a><\/p>\t\t\t\t\t\t\t\t<\/div>\n\t\t\t\t<\/div>\n\t\t\t\t<div class=\"elementor-element elementor-element-3a911eb elementor-widget elementor-widget-text-editor\" data-id=\"3a911eb\" data-element_type=\"widget\" data-e-type=\"widget\" data-widget_type=\"text-editor.default\">\n\t\t\t\t<div class=\"elementor-widget-container\">\n\t\t\t\t\t\t\t\t\t<h4 style=\"text-align: center;\"><span style=\"color: #7676ab;\">\u00a0Rapha\u00ebl\u00a0 Lim Houn Tchen\u00a0<\/span><\/h4><h4 style=\"text-align: center;\"><span style=\"color: #7676ab;\"><strong>&#8212;&#8211;<\/strong><\/span><\/h4><p style=\"text-align: justify;\"><span style=\"color: #153d3d;\">Particulier ayant pour objectif de d\u00e9mocratiser la sant\u00e9 en proposant \u00e0 ses lecteurs du contenu de grande qualit\u00e9 sur des sujets tels que la <em><strong><a href=\"https:\/\/sante-augmentee.fr\/index.php\/lalimentation-equilibree\/\">Nutrition<\/a><\/strong><\/em>, le sport, la gestion du stress, le traitement des addictions ou les probl\u00e8mes d\u2019insomnie.<\/span><\/p><p style=\"text-align: justify;\"><span style=\"color: #153d3d;\"><!-- barre horizontale --><\/span><\/p><p style=\"text-align: justify;\"><span style=\"color: #153d3d;\">Apr\u00e8s avoir n\u00e9glig\u00e9 sa sant\u00e9 durant ses ann\u00e9es d\u2019\u00e9tudes, il\u00a0d\u00e9cide de se reprendre en main et d\u2019am\u00e9liorer de mani\u00e8re radicale son hygi\u00e8ne de vie.<\/span><\/p><p style=\"text-align: justify;\"><span style=\"color: #153d3d;\">Il commence d\u2019abord par changer ses habitudes alimentaires avant d\u2019adopter une vision globale de la sant\u00e9. Quelques mois plus tard, il d\u00e9borde d\u2019\u00e9nergie et multiplie ses recherches sur la sant\u00e9 afin de percer tous les secrets du bien-\u00eatre.<\/span><\/p><p style=\"text-align: justify;\"><span style=\"color: #153d3d;\"><img decoding=\"async\" class=\"alignleft wp-image-160 size-full\" src=\"https:\/\/sante-augmentee.fr\/wp-content\/uploads\/2020\/09\/Raphael.jpeg\" alt=\"Rapha\u00ebl LIM HOUN TCHEN\" width=\"187\" height=\"245\" \/><\/span><\/p><p style=\"text-align: justify;\"><span style=\"color: #153d3d;\">Son changement de vie devient tellement inspirant que Rapha\u00ebl d\u00e9cide d\u2019aider d\u2019autres personnes \u00e0 atteindre les m\u00eame r\u00e9sultats que lui en leur montrant comment vivre en meilleure sant\u00e9.<\/span><\/p><p><span style=\"color: #153d3d;\">Il partage aujourd\u2019hui ses connaissances sur <strong><span style=\"text-decoration: underline;\"><em><a href=\"https:\/\/sante-augmentee.fr\">son blog<\/a><\/em><\/span> <\/strong><span style=\"color: #3366ff;\">&#8211;<\/span> <strong><a href=\"https:\/\/sante-augmentee.fr\/\">Sante-augmentee.fr<\/a><\/strong><a href=\"_wp_link_placeholder\">.<\/a><\/span><\/p><p><span style=\"color: #993366;\"><strong>Rapha\u00ebl LIM HOUN TCHEN<\/strong><\/span><\/p><h3 style=\"text-align: left;\"><span style=\"color: #08435c;\"><strong>\u00a0 \u00a0 <span style=\"color: #7676ab;\">\u00a0 \u00a0&#8212;&#8212;&#8212;&#8211;<\/span><\/strong><\/span><\/h3>\t\t\t\t\t\t\t\t<\/div>\n\t\t\t\t<\/div>\n\t\t\t\t\t<\/div>\n\t\t<\/div>\n\t\t\t\t\t<\/div>\n\t\t<\/header>\n\t\t\t\t<\/div>\n\t\t","protected":false},"excerpt":{"rendered":"<p>Notre Sant\u00e9 est pr\u00e9cieuse ! Sur ce blog, vous trouverez les meilleurs conseils pour pr\u00e9server la v\u00f4tre. Gr\u00e2ce aux astuces que je vais vous donner, la sant\u00e9 n\u2019aura plus de secrets pour vous ! \u00a0Rapha\u00ebl\u00a0 Lim Houn Tchen\u00a0 &#8212;&#8211; Particulier ayant pour objectif de d\u00e9mocratiser la sant\u00e9 en proposant \u00e0 ses lecteurs du contenu de [&hellip;]<\/p>\n","protected":false},"author":2,"featured_media":0,"parent":0,"menu_order":0,"comment_status":"closed","ping_status":"closed","template":"","meta":{"footnotes":""},"class_list":["post-23","page","type-page","status-publish","hentry"],"_links":{"self":[{"href":"https:\/\/sante-augmentee.fr\/index.php\/wp-json\/wp\/v2\/pages\/23","targetHints":{"allow":["GET"]}}],"collection":[{"href":"https:\/\/sante-augmentee.fr\/index.php\/wp-json\/wp\/v2\/pages"}],"about":[{"href":"https:\/\/sante-augmentee.fr\/index.php\/wp-json\/wp\/v2\/types\/page"}],"author":[{"embeddable":true,"href":"https:\/\/sante-augmentee.fr\/index.php\/wp-json\/wp\/v2\/users\/2"}],"replies":[{"embeddable":true,"href":"https:\/\/sante-augmentee.fr\/index.php\/wp-json\/wp\/v2\/comments?post=23"}],"version-history":[{"count":0,"href":"https:\/\/sante-augmentee.fr\/index.php\/wp-json\/wp\/v2\/pages\/23\/revisions"}],"wp:attachment":[{"href":"https:\/\/sante-augmentee.fr\/index.php\/wp-json\/wp\/v2\/media?parent=23"}],"curies":[{"name":"wp","href":"https:\/\/api.w.org\/{rel}","templated":true}]}}