{"id":2924,"date":"2020-12-11T18:16:07","date_gmt":"2020-12-11T17:16:07","guid":{"rendered":"https:\/\/sante-augmentee.fr\/?page_id=2924"},"modified":"2021-07-22T18:55:34","modified_gmt":"2021-07-22T16:55:34","slug":"lalimentation-des-femmes-enceintes","status":"publish","type":"page","link":"https:\/\/sante-augmentee.fr\/index.php\/lalimentation-des-femmes-enceintes\/","title":{"rendered":"L\u2019alimentation des femmes enceintes"},"content":{"rendered":"\t\t<div data-elementor-type=\"wp-page\" data-elementor-id=\"2924\" class=\"elementor elementor-2924\">\n\t\t\t\t\t\t<section class=\"elementor-section elementor-top-section elementor-element elementor-element-44ae353c elementor-section-stretched elementor-section-boxed elementor-section-height-default elementor-section-height-default\" data-id=\"44ae353c\" data-element_type=\"section\" data-e-type=\"section\" data-settings=\"{&quot;stretch_section&quot;:&quot;section-stretched&quot;}\">\n\t\t\t\t\t\t<div class=\"elementor-container elementor-column-gap-default\">\n\t\t\t\t\t<div class=\"elementor-column elementor-col-100 elementor-top-column elementor-element elementor-element-61d4f8b3\" data-id=\"61d4f8b3\" data-element_type=\"column\" data-e-type=\"column\">\n\t\t\t<div class=\"elementor-widget-wrap elementor-element-populated\">\n\t\t\t\t\t\t<div class=\"elementor-element elementor-element-4ed980a2 elementor-widget elementor-widget-text-editor\" data-id=\"4ed980a2\" data-element_type=\"widget\" data-e-type=\"widget\" data-widget_type=\"text-editor.default\">\n\t\t\t\t<div class=\"elementor-widget-container\">\n\t\t\t\t\t\t\t\t\t<p><\/p>\n<h2><span style=\"color: #7676ab;\">Pourquoi l&rsquo;alimentation de la m\u00e8re joue un r\u00f4le capital dans la sant\u00e9 du futur b\u00e9b\u00e9 !<\/span><\/h2>\n<p style=\"text-align: justify;\"><span style=\"color: #12364a;\">Un certain nombre de changements se produisent dans l\u2019organisme d\u2019une femme lorsque celle-ci tombe enceinte. Son c\u0153ur bat plus vite, ses poumons travaillent plus efficacement, ses cellules adipeuses se mettent \u00e0 stocker plus de graisse\u2026 Bref, <strong>son organisme tourne \u00e0 plein r\u00e9gime<\/strong> afin de r\u00e9pondre non seulement \u00e0 ses besoins, mais \u00e9galement \u00e0 ceux de son futur b\u00e9b\u00e9.<\/span><\/p>\n<p style=\"text-align: justify;\"><span style=\"color: #12364a;\"><\/span><\/p>\n<p style=\"text-align: justify;\"><span style=\"color: #12364a;\">Pour satisfaire cette demande accrue en \u00e9nergie et fournir au f\u0153tus tous les \u00e9l\u00e9ments indispensables \u00e0 son d\u00e9veloppement, une <strong><a href=\"https:\/\/sante-augmentee.fr\/index.php\/lalimentation-equilibree\/\">alimentation saine et diversifi\u00e9e<\/a> est essentielle durant toute la p\u00e9riode de grossesse<\/strong> (et m\u00eame avant, durant la p\u00e9riode de conception).<\/span><\/p>\n<p style=\"text-align: justify;\"><span style=\"color: #12364a;\"><\/span><\/p>\n<p style=\"text-align: justify;\"><span style=\"color: #12364a;\">Vous \u00eates enceinte ou vous pr\u00e9voyez une grossesse ? D\u00e9couvrez dans le pr\u00e9sent article les aliments que vous devez consommer et ceux qui sont \u00e0 \u00e9viter afin que <strong>votre grossesse se passe dans les meilleures conditions <\/strong>et que votre futur <strong>b\u00e9b\u00e9 soit en pleine sant\u00e9 !<\/strong><\/span><\/p>\n<p><span style=\"color: #12364a;\"><\/span><\/p>\n<h2 class=\"wp-block-heading\"><a href=\"https:\/\/sante-augmentee.fr\/index.php\/lalimentation-equilibree\/\"><img fetchpriority=\"high\" decoding=\"async\" class=\"alignnone wp-image-2806 size-medium\" title=\" une alimentation Saine pour les femmes enceintes\" src=\"https:\/\/sante-augmentee.fr\/wp-content\/uploads\/2020\/12\/jeune-femme-devant-une-coupe-de-fruits1-300x175.png\" alt=\" une alimentation Saine pour les femmes enceintes\" width=\"300\" height=\"175\" srcset=\"https:\/\/sante-augmentee.fr\/wp-content\/uploads\/2020\/12\/jeune-femme-devant-une-coupe-de-fruits1-300x175.png 300w, https:\/\/sante-augmentee.fr\/wp-content\/uploads\/2020\/12\/jeune-femme-devant-une-coupe-de-fruits1.png 520w\" sizes=\"(max-width: 300px) 100vw, 300px\" \/><\/a><\/h2>\n<h3><span style=\"color: #4b6b61;\">Les aliments particuli\u00e8rement importants pendant la grossesse<\/span><\/h3>\n<p><span style=\"color: #12364a;\"><\/span><\/p>\n<p style=\"text-align: justify;\"><span style=\"color: #12364a;\">D\u2019une mani\u00e8re g\u00e9n\u00e9rale, la femme enceinte doit avoir une <strong><a href=\"https:\/\/sante-augmentee.fr\/index.php\/lalimentation-equilibree\/\">alimentation \u00e9quilibr\u00e9e<\/a> et vari\u00e9e<\/strong>. Mais il y a un certain nombre d\u2019aliments ayant une importance particuli\u00e8re durant la grossesse :<\/span><\/p>\n<p><span style=\"color: #12364a;\"><\/span><\/p>\n<blockquote class=\"wp-block-quote is-layout-flow wp-block-quote-is-layout-flow\">\n<p><span style=\"color: #7676ab;\">Les Aliments riches en vitamine B9 : pr\u00e9vention des malformations cong\u00e9nitales du syst\u00e8me nerveux.<\/span><\/p>\n<\/blockquote>\n<p><span style=\"color: #12364a;\"><\/span><\/p>\n<p style=\"text-align: justify;\"><span style=\"color: #12364a;\">Durant la p\u00e9riode embryonnaire, la <strong>vitamine B9<\/strong>, ou \u201c<strong>acide folique<\/strong>\u201d, joue un r\u00f4le cl\u00e9 dans le <strong>d\u00e9veloppement du tube neural<\/strong>, qui est l\u2019\u00e9bauche du syst\u00e8me nerveux du f\u0153tus. Il est donc primordial de faire le plein de vitamine B9 durant la grossesse, surtout lors des premi\u00e8res semaines du d\u00e9veloppement de l\u2019embryon (juste apr\u00e8s la f\u00e9condation), afin de r\u00e9duire sensiblement le risque de <strong>malformations nerveuses cong\u00e9nitales<\/strong>.<\/span><\/p>\n<p style=\"text-align: justify;\"><span style=\"color: #12364a;\"><\/span><\/p>\n<p style=\"text-align: justify;\"><span style=\"color: #12364a;\">Comme il est difficile de pr\u00e9dire la date exact de la f\u00e9condation, il est recommand\u00e9 \u00e0 la femme de se suppl\u00e9menter en vitamine B9 durant la p\u00e9riode pr\u00e9-conceptionnelle.<\/span><\/p>\n<p style=\"text-align: justify;\"><span style=\"color: #12364a;\"><\/span><\/p>\n<p style=\"text-align: justify;\"><span style=\"color: #12364a;\"><strong>Les besoins journaliers en vitamine B9<\/strong> d\u2019une femme enceinte sont de <strong>400 microgrammes par jour<\/strong>. Afin de les satisfaire, voici une liste de 10 aliments tr\u00e8s riches en cette importante vitamine :<\/span><\/p>\n<p style=\"text-align: justify;\"><span style=\"color: #12364a;\"><\/span><\/p>\n<ol class=\"wp-block-list\" style=\"text-align: justify;\">\n<li><span style=\"color: #12364a;\">Les noix et noisettes ;<\/span><\/li>\n<li><span style=\"color: #12364a;\">Les \u00e9pinards ;<\/span><\/li>\n<li><span style=\"color: #12364a;\">Le brocoli ;<\/span><\/li>\n<li><span style=\"color: #12364a;\">Le chou fleur ;<\/span><\/li>\n<li><span style=\"color: #12364a;\">Les ch\u00e2taignes ;<\/span><\/li>\n<li><span style=\"color: #12364a;\">Les asperges ;<\/span><\/li>\n<li><span style=\"color: #12364a;\">Les pois-chiches cuits ;<\/span><\/li>\n<li><span style=\"color: #12364a;\">Le melon ;<\/span><\/li>\n<li><span style=\"color: #12364a;\">La mangue ;<\/span><\/li>\n<li><span style=\"color: #12364a;\">La levure de bi\u00e8re.<\/span><\/li>\n<\/ol>\n<p style=\"text-align: justify;\"><span style=\"color: #12364a;\"><\/span><\/p>\n<p style=\"text-align: justify;\"><span style=\"color: #12364a;\">Les di\u00e9t\u00e9ticiens conseillent aux femmes enceintes (ou sur le point de l\u2019\u00eatre) de consommer quotidiennement au moins <strong>2 portions de l\u00e9gumes \u00e0 feuilles et de fruits frais<\/strong>. Ce sont d\u2019excellentes sources de folates (vitamine B9) !<\/span><\/p>\n<p style=\"text-align: justify;\"><span style=\"color: #12364a;\"><\/span><\/p>\n<p style=\"text-align: justify;\"><span style=\"color: #12364a;\">Actuellement, la suppl\u00e9mentation m\u00e9dicamenteuse en vitamine B9 est<\/span><br \/><span style=\"color: #12364a;\">syst\u00e9matique d\u00e8s le d\u00e9but de la grossesse, voire d\u00e8s la p\u00e9riode de conception.<\/span><\/p>\n<p style=\"text-align: justify;\"><span style=\"color: #12364a;\"><\/span><\/p>\n<blockquote class=\"wp-block-quote is-layout-flow wp-block-quote-is-layout-flow\">\n<p><span style=\"color: #12364a;\">L<span style=\"color: #7676ab;\">es aliments riches en prot\u00e9ines : construction et renouvellement des tissus.<\/span><\/span><\/p>\n<\/blockquote>\n<p style=\"text-align: justify;\"><span style=\"color: #12364a;\"><\/span><\/p>\n<p style=\"text-align: justify;\"><span style=\"color: #12364a;\">Pendant la grossesse, la femme a besoin d\u2019une plus grande quantit\u00e9 de prot\u00e9ines : environ <strong>60 \u00e0 100 grammes par jour<\/strong>. Ces nutriments sont tr\u00e8s importants, car ils permettent de renouveler et de construire certains tissus, notamment ceux de l\u2019ut\u00e9rus et du placenta.<\/span><\/p>\n<p style=\"text-align: justify;\"><span style=\"color: #12364a;\"><\/span><\/p>\n<p style=\"text-align: justify;\"><span style=\"color: #12364a;\">Les prot\u00e9ines servent \u00e9galement dans la construction des tissus du f\u0153tus. Il est donc tr\u00e8s important pour une femme enceinte de <strong>consommer davantage de prot\u00e9ines animales et v\u00e9g\u00e9tales<\/strong>. Vous en trouverez dans des aliments tels :<\/span><\/p>\n<p style=\"text-align: justify;\"><span style=\"color: #12364a;\"><\/span><\/p>\n<ul class=\"wp-block-list\" style=\"text-align: justify;\">\n<li><span style=\"color: #12364a;\">Les viandes rouges (toujours bien cuites) : b\u0153uf, veau, mouton, agneau<\/span><\/li>\n<li><span style=\"color: #12364a;\">Les viandes blanches : poulet, dinde<\/span><\/li>\n<li><span style=\"color: #12364a;\">Le poisson : saumon, sardine, hareng, morue<\/span><\/li>\n<li><span style=\"color: #12364a;\">Les fruits de mer : moules, crevettes, homard<\/span><\/li>\n<li><span style=\"color: #12364a;\">Les \u0153ufs (bien cuits)<\/span><\/li>\n<li><span style=\"color: #12364a;\">Les prot\u00e9ines d\u2019origine v\u00e9g\u00e9tale : les c\u00e9r\u00e9ales compl\u00e8tes, les haricots, les<\/span><\/li>\n<li><span style=\"color: #12364a;\">lentilles, les pois-chiches, les graines de soja (ne pas en consommer<\/span><\/li>\n<li><span style=\"color: #12364a;\">excessivement), les algues (spiruline)\u2026<\/span><\/li>\n<\/ul>\n<p style=\"text-align: justify;\"><span style=\"color: #12364a;\"><\/span><\/p>\n<blockquote class=\"wp-block-quote is-layout-flow wp-block-quote-is-layout-flow\">\n<p><span style=\"color: #7676ab;\">Les aliments riches en acides gras essentiels : d\u00e9veloppement du syst\u00e8me nerveux<\/span><\/p>\n<\/blockquote>\n<p style=\"text-align: justify;\"><span style=\"color: #12364a;\"><\/span><\/p>\n<p style=\"text-align: justify;\"><span style=\"color: #12364a;\">Les <strong>acides gras essentiels <\/strong>ne peuvent pas \u00eatre synth\u00e9tis\u00e9s par l\u2019organisme. Donc, ils doivent absolument \u00eatre apport\u00e9s par le biais de l\u2019alimentation (exemples : valine, lysine, ph\u00e9nylalanine\u2026), car ils sont indispensables au fonctionnement de l\u2019organisme humain.<\/span><\/p>\n<p style=\"text-align: justify;\"><span style=\"color: #12364a;\"><\/span><\/p>\n<p style=\"text-align: justify;\"><span style=\"color: #12364a;\">Chez la femme enceinte, ces nutriments \u00e9l\u00e9mentaires entrent dans la composition du <strong>tissu nerveux du futur b\u00e9b\u00e9<\/strong>. Vous devez donc veiller \u00e0 en consommer quotidiennement et en quantit\u00e9 suffisante, et ce, en incluant quelques-uns de ces aliments dans votre r\u00e9gime : du poisson gras au moins 2 fois par semaine (sardine, saumon, morue, hareng\u2026), une ou deux cuill\u00e8res \u00e0 soupe d\u2019huile de colza ou d\u2019huile de noix chaque jour (\u00e0 utiliser comme vinaigrettes avec un peu de jus de citron pour agr\u00e9menter vos salades par exemple).<\/span><\/p>\n<p style=\"text-align: justify;\"><span style=\"color: #12364a;\"><\/span><\/p>\n<blockquote class=\"wp-block-quote is-layout-flow wp-block-quote-is-layout-flow\">\n<p><span style=\"color: #7676ab;\">Aliments riches en om\u00e9ga 3 : d\u00e9veloppement des cellules des yeux et<\/span><br \/><span style=\"color: #7676ab;\">du cerveau.<\/span><\/p>\n<\/blockquote>\n<p style=\"text-align: justify;\"><span style=\"color: #12364a;\"><\/span><\/p>\n<p style=\"text-align: justify;\"><span style=\"color: #12364a;\">Certains <strong>om\u00e9ga 3<\/strong> interviennent dans le <strong>d\u00e9veloppement des cellules c\u00e9r\u00e9brales<\/strong> et de celles <strong>des yeux<\/strong>. N\u2019h\u00e9sitez donc pas \u00e0 consommer r\u00e9guli\u00e8rement les aliments tr\u00e8s riches en om\u00e9ga 3 de la liste suivante :<\/span><\/p>\n<p style=\"text-align: justify;\"><span style=\"color: #12364a;\"><\/span><\/p>\n<ul class=\"wp-block-list\" style=\"text-align: justify;\">\n<li><span style=\"color: #12364a;\">Les poissons gras : la morue, le hareng, le maquereau, les sardines.<\/span><\/li>\n<li><span style=\"color: #12364a;\">Les huiles de poisson : l\u2019huile de foie de morue.<\/span><\/li>\n<li><span style=\"color: #12364a;\">Les huiles v\u00e9g\u00e9tales : l\u2019huile de colza, l\u2019huile de noix.<\/span><\/li>\n<li><span style=\"color: #12364a;\">Le jaune d\u2019\u0153uf.<\/span><\/li>\n<li><span style=\"color: #12364a;\">Les noix, les noisettes, les amandes, les pistaches, les noix de cajou.<\/span><\/li>\n<\/ul>\n<p style=\"text-align: justify;\"><span style=\"color: #12364a;\"><\/span><\/p>\n<blockquote class=\"wp-block-quote is-layout-flow wp-block-quote-is-layout-flow\">\n<p><span style=\"color: #7676ab;\">Aliments riches en fer : pr\u00e9vention de l\u2019an\u00e9mie par carence en fer<\/span><\/p>\n<\/blockquote>\n<p style=\"text-align: justify;\"><span style=\"color: #12364a;\"><\/span><\/p>\n<p style=\"text-align: justify;\"><span style=\"color: #12364a;\">Le fer est un \u00e9l\u00e9ment indispensable \u00e0 la fabrication de l&rsquo;h\u00e9moglobine, une prot\u00e9ine qui entre dans la composition des globules rouges et qui sert \u00e0 transporter l\u2019oxyg\u00e8ne dans tous les tissus de l\u2019organisme. Durant la grossesse,<strong> les besoins en oxyg\u00e8ne augmentent drastiquement<\/strong>, car il faut en fournir \u00e0 un deuxi\u00e8me organisme (le f\u0153tus). Si vos r\u00e9serves de fer ne sont pas suffisantes, vous pouvez d\u00e9velopper une <strong>an\u00e9mie ferriprive<\/strong>. Ceci peut se r\u00e9percuter n\u00e9gativement sur votre futur b\u00e9b\u00e9,<\/span><br \/><span style=\"color: #12364a;\">notamment par une <strong>hypotrophie f\u0153tale<\/strong> (petit poids de naissance) ou un <strong>naissance pr\u00e9matur\u00e9e<\/strong>.<\/span><\/p>\n<p style=\"text-align: justify;\"><span style=\"color: #12364a;\"><\/span><\/p>\n<p style=\"text-align: justify;\"><span style=\"color: #12364a;\">Veillez donc \u00e0 faire le plein de fer en consommant r\u00e9guli\u00e8rement les aliments de cette liste :<\/span><\/p>\n<p style=\"text-align: justify;\"><span style=\"color: #12364a;\"><\/span><\/p>\n<ul class=\"wp-block-list\" style=\"text-align: justify;\">\n<li><span style=\"color: #12364a;\">Les viandes rouges (toujours bien cuite) : b\u0153uf, veau, cheval<\/span><\/li>\n<li><span style=\"color: #12364a;\">Les poissons<\/span><\/li>\n<li><span style=\"color: #12364a;\">Les lentilles<\/span><\/li>\n<li><span style=\"color: #12364a;\">Les haricots blancs<\/span><\/li>\n<li><span style=\"color: #12364a;\">Les \u00e9pinards<\/span><\/li>\n<\/ul>\n<p style=\"text-align: justify;\"><span style=\"color: #12364a;\"><\/span><\/p>\n<blockquote class=\"wp-block-quote is-layout-flow wp-block-quote-is-layout-flow\">\n<p><span style=\"color: #7676ab;\">Aliments sources de calcium : formation des os du f\u0153tus<\/span><\/p>\n<\/blockquote>\n<p style=\"text-align: justify;\"><span style=\"color: #12364a;\"><\/span><\/p>\n<p style=\"text-align: justify;\"><span style=\"color: #12364a;\">Pour fournir \u00e0 votre futur b\u00e9b\u00e9 le calcium dont il a besoin pour <strong>former des os et dents solides<\/strong>, vous devez consommer quotidiennement des <strong>produits laitiers<\/strong> tels que le yaourt, le lait, les fromages, mais \u00e9galement des \u00e9pinards, du chou fris\u00e9, du brocoli et du saumon, qui sont des sources non-laiti\u00e8res de calcium.<\/span><\/p>\n<p style=\"text-align: justify;\"><span style=\"color: #12364a;\"><\/span><\/p>\n<p style=\"text-align: justify;\"><span style=\"color: #12364a;\">Pour favoriser l\u2019absorption du calcium, il est important de d\u2019apporter \u00e0 l\u2019organisme de la <strong>vitamine D <\/strong>en quantit\u00e9 suffisante. En effet, notre corps est capable de la synth\u00e9tiser \u00e0 partir du <strong>cholest\u00e9rol<\/strong> et des <strong>rayons UV<\/strong> du soleil, mais elle doit \u00e9galement \u00eatre apport\u00e9e par le biais de l\u2019alimentation. Veillez donc \u00e0 consommer r\u00e9guli\u00e8rement des poissons gras (2 fois par semaine) et des <strong>produits laitiers enrichis en vitamine D<\/strong>.<\/span><\/p>\n<p style=\"text-align: justify;\"><span style=\"color: #12364a;\"><\/span><\/p>\n<p style=\"text-align: justify;\"><span style=\"color: #12364a;\">Le <strong>duo calcium-vitamine D<\/strong> renforce les dents et les os, aussi bien les v\u00f4tres que ceux de votre futur enfant.<\/span><\/p>\n<p style=\"text-align: justify;\"><span style=\"color: #12364a;\"><\/span><\/p>\n<h3 class=\"wp-block-heading\"><span style=\"color: #3c8282;\">Les aliments \u00e0 \u00e9viter durant la grossesse<\/span><\/h3>\n<p><span style=\"color: #12364a;\"><\/span><\/p>\n<p style=\"text-align: justify;\"><span style=\"color: #12364a;\">Durant la grossesse, la premi\u00e8re chose <strong>strictement interdite<\/strong> est, \u00e9videmment, <strong>l\u2019alcool<\/strong>. En effet, cette substance est capable de traverser ais\u00e9ment la barri\u00e8re foeto-placentaire (la barri\u00e8re qui s\u00e9pare le f\u0153tus et l\u2019organisme de la m\u00e8re) et de passer dans la circulation sanguine du f\u0153tus. Ceci va \u00eatre \u00e0 l\u2019origine de ce qu\u2019onappelle \u00ab <strong>SAF<\/strong> \u00bb ou \u00ab <strong>syndrome d\u2019alcoolisation f\u0153tale<\/strong> \u00bb. Cela peut se solder par un retard de croissance du f\u0153tus (hypotrophie f\u0153tale avec petit poids de naissance), des malformations cong\u00e9nitales nerveuses et cardiaques, des atteintes<\/span><br \/><span style=\"color: #12364a;\">faciales et c\u00e9r\u00e9brales. Toutes les boissons alcoolis\u00e9es, sans exception, sont donc proscrites durant toute la p\u00e9riode de grossesse ! Un seul mot d\u2019ordre : <strong>abstinence !<\/strong><\/span><\/p>\n<p style=\"text-align: justify;\"><span style=\"color: #12364a;\"><\/span><\/p>\n<p style=\"text-align: justify;\"><span style=\"color: #12364a;\">Par ailleurs, des chercheurs am\u00e9ricains avertissent du danger que repr\u00e9sente la <strong>consommation excessive de produits sucr\u00e9s<\/strong> durant la grossesse. D\u2019apr\u00e8s eux, trop de sucre pendant le d\u00e9veloppement f\u0153tal peut endommager les cellules c\u00e9r\u00e9brales du f\u0153tus. Cela peut se manifester, par la suite, par des <strong>troubles de l\u2019apprentissage et de la m\u00e9moire<\/strong>. Surveillez donc attentivement votre consommation de glucides en limitant les sucres rapides et en privil\u00e9giant les f\u00e9culents (sucres lents).<\/span><\/p>\n<p style=\"text-align: justify;\"><span style=\"color: #12364a;\"><\/span><\/p>\n<p style=\"text-align: justify;\"><span style=\"color: #12364a;\">D\u2019autres aliments sont d\u00e9conseill\u00e9s chez les femmes enceintes <strong>afin d\u2019\u00e9viter une list\u00e9riose<\/strong>, qui est une infection due \u00e0 une bact\u00e9rie du genre \u00ab List\u00e9ria \u00bb. En voici une liste :<\/span><\/p>\n<p style=\"text-align: justify;\"><span style=\"color: #12364a;\"><\/span><\/p>\n<ul class=\"wp-block-list\">\n<li style=\"text-align: justify;\"><span style=\"color: #12364a;\">Les laits non-pasteuris\u00e9s ;<\/span><\/li>\n<li style=\"text-align: justify;\"><span style=\"color: #12364a;\">Les fromages \u00e0 p\u00e2te molle ou fabriqu\u00e9s \u00e0 base de lait non-pasteuris\u00e9 ;<\/span><\/li>\n<li style=\"text-align: justify;\"><span style=\"color: #12364a;\">Les viandes crues ou peu cuites ;<\/span><\/li>\n<li style=\"text-align: justify;\"><span style=\"color: #12364a;\">Les produits \u00e0 tartiner \u00e0 base de viande ;<\/span><\/li>\n<li style=\"text-align: justify;\"><span style=\"color: #12364a;\">Le p\u00e2t\u00e9 froid ;<\/span><\/li>\n<li style=\"text-align: justify;\"><span style=\"color: #12364a;\">Les poissons crus (m\u00eame fum\u00e9s) ;<\/span><\/li>\n<li style=\"text-align: justify;\"><span style=\"color: #12364a;\">Tous les fruits de mer crus ;<\/span><\/li>\n<li style=\"text-align: justify;\"><span style=\"color: #12364a;\">Les charcuteries ;<\/span><\/li>\n<li style=\"text-align: justify;\"><span style=\"color: #12364a;\">Le foie gras ;<\/span><\/li>\n<li style=\"text-align: justify;\"><span style=\"color: #12364a;\">Les graines germ\u00e9es (soja)\u2026<\/span><\/li>\n<\/ul>\n<p><span style=\"color: #12364a;\"><\/span><\/p>\n<h3 class=\"wp-block-heading\"><span style=\"color: #3c8282;\">Conclusion<\/span><\/h3>\n<p><span style=\"color: #12364a;\"><\/span><\/p>\n<p style=\"text-align: justify;\"><span style=\"color: #12364a;\">Lorsque vous tombez enceinte, votre corps est le si\u00e8ge de plusieurs modifications qui ont pour but d\u2019<strong>accueillir le f\u0153tus<\/strong>. Toutes les fonctions de votre organisme augmenteront leur activit\u00e9. Vous devez donc <strong>lui fournir l\u2019\u00e9nergie n\u00e9cessaire<\/strong> pour que cette augmentation d\u2019activit\u00e9 puisse se faire dans les meilleures conditions. Cela passe par une <strong>alimentation plus riche en calories<\/strong> : vous devez augmenter votre <\/span><span style=\"color: #12364a;\">consommation de prot\u00e9ines, de glucides (surtout les sucres lents) et de lipides (bon gras, les poissons gras par exemple).<\/span><\/p>\n<p style=\"text-align: justify;\"><span style=\"color: #12364a;\"><\/span><\/p>\n<p style=\"text-align: justify;\"><span style=\"color: #12364a;\">D\u2019autre part, vous aurez dans votre ut\u00e9rus un <strong>organisme en plein d\u00e9veloppement<\/strong>. Ce dernier a besoin de nombreux \u00e9l\u00e9ments pour cro\u00eetre et former parfaitement tous ses diff\u00e9rents tissus et organes. Vous devez lui fournir de mani\u00e8re particuli\u00e8re de la vitamine B9, du fer, des prot\u00e9ines, du calcium, de la vitamine D et des acides gras essentiels.<\/span><\/p>\n<p style=\"text-align: justify;\"><span style=\"color: #12364a;\"><\/span><\/p>\n<p style=\"text-align: justify;\"><span style=\"color: #12364a;\">D\u2019une mani\u00e8re g\u00e9n\u00e9rale, lorsque vous \u00eates enceinte : consommez des <strong>fruits et l\u00e9gumes \u00e0 volont\u00e9<\/strong> pour faire le plein de vitamines, des <strong>produits laitiers <\/strong>pour faire le plein de calcium et de vitamine D, des <strong>viandes<\/strong> (bien cuites) et des poissons pour apporter des prot\u00e9ines en grande quantit\u00e9 ainsi que du fer.<\/span><\/p>\n<p style=\"text-align: justify;\"><span style=\"color: #12364a;\"><\/span><\/p>\n<p style=\"text-align: justify;\"><span style=\"color: #12364a;\">Aussi, n\u2019oubliez pas de <strong>bien vous hydrater<\/strong> et de <strong>pratiquer une activit\u00e9 physique r\u00e9guli\u00e8re<\/strong> (pas trop intense quand m\u00eame). Vous verrez, votre grossesse se passera dans des conditions optimales et vous donnerez toutes ses chances \u00e0 votre futur b\u00e9b\u00e9 pour qu\u2019il soit en excellente sant\u00e9 !<\/span><\/p>\n<p><\/p>\t\t\t\t\t\t\t\t<\/div>\n\t\t\t\t<\/div>\n\t\t\t\t<div class=\"elementor-element elementor-element-833a536 elementor-button-success elementor-align-center elementor-widget elementor-widget-button\" data-id=\"833a536\" data-element_type=\"widget\" data-e-type=\"widget\" data-widget_type=\"button.default\">\n\t\t\t\t<div class=\"elementor-widget-container\">\n\t\t\t\t\t\t\t\t\t<div class=\"elementor-button-wrapper\">\n\t\t\t\t\t<a class=\"elementor-button elementor-button-link elementor-size-md\" href=\"https:\/\/1tpe.net\/goto.php?dat=raphaelgeek_loicssa_1&#038;tk=\" target=\"_blank\" rel=\"noopener\">\n\t\t\t\t\t\t<span class=\"elementor-button-content-wrapper\">\n\t\t\t\t\t\t<span class=\"elementor-button-icon\">\n\t\t\t\t<i aria-hidden=\"true\" class=\"fas fa-hand-pointer\"><\/i>\t\t\t<\/span>\n\t\t\t\t\t\t\t\t\t<span class=\"elementor-button-text\">&gt;&gt; OUI ! je veux retrouver la forme apr\u00e8s ma grossesse !!! <\/span>\n\t\t\t\t\t<\/span>\n\t\t\t\t\t<\/a>\n\t\t\t\t<\/div>\n\t\t\t\t\t\t\t\t<\/div>\n\t\t\t\t<\/div>\n\t\t\t\t\t<\/div>\n\t\t<\/div>\n\t\t\t\t\t<\/div>\n\t\t<\/section>\n\t\t\t\t<\/div>\n\t\t","protected":false},"excerpt":{"rendered":"<p>Pourquoi l&rsquo;alimentation de la m\u00e8re joue un r\u00f4le capital dans la sant\u00e9 du futur b\u00e9b\u00e9 ! Un certain nombre de changements se produisent dans l\u2019organisme d\u2019une femme lorsque celle-ci tombe enceinte. Son c\u0153ur bat plus vite, ses poumons travaillent plus efficacement, ses cellules adipeuses se mettent \u00e0 stocker plus de graisse\u2026 Bref, son organisme tourne [&hellip;]<\/p>\n","protected":false},"author":2,"featured_media":0,"parent":0,"menu_order":0,"comment_status":"closed","ping_status":"closed","template":"","meta":{"footnotes":""},"class_list":["post-2924","page","type-page","status-publish","hentry"],"_links":{"self":[{"href":"https:\/\/sante-augmentee.fr\/index.php\/wp-json\/wp\/v2\/pages\/2924","targetHints":{"allow":["GET"]}}],"collection":[{"href":"https:\/\/sante-augmentee.fr\/index.php\/wp-json\/wp\/v2\/pages"}],"about":[{"href":"https:\/\/sante-augmentee.fr\/index.php\/wp-json\/wp\/v2\/types\/page"}],"author":[{"embeddable":true,"href":"https:\/\/sante-augmentee.fr\/index.php\/wp-json\/wp\/v2\/users\/2"}],"replies":[{"embeddable":true,"href":"https:\/\/sante-augmentee.fr\/index.php\/wp-json\/wp\/v2\/comments?post=2924"}],"version-history":[{"count":0,"href":"https:\/\/sante-augmentee.fr\/index.php\/wp-json\/wp\/v2\/pages\/2924\/revisions"}],"wp:attachment":[{"href":"https:\/\/sante-augmentee.fr\/index.php\/wp-json\/wp\/v2\/media?parent=2924"}],"curies":[{"name":"wp","href":"https:\/\/api.w.org\/{rel}","templated":true}]}}