{"id":3290,"date":"2020-12-20T17:03:02","date_gmt":"2020-12-20T16:03:02","guid":{"rendered":"https:\/\/sante-augmentee.fr\/?page_id=3290"},"modified":"2021-06-16T17:48:07","modified_gmt":"2021-06-16T15:48:07","slug":"vitalite","status":"publish","type":"page","link":"https:\/\/sante-augmentee.fr\/index.php\/vitalite\/","title":{"rendered":"Vitalit\u00e9"},"content":{"rendered":"\t\t<div data-elementor-type=\"wp-page\" data-elementor-id=\"3290\" class=\"elementor elementor-3290\">\n\t\t\t\t\t\t<section class=\"elementor-section elementor-top-section elementor-element elementor-element-78908306 elementor-section-boxed elementor-section-height-default elementor-section-height-default\" data-id=\"78908306\" data-element_type=\"section\" data-e-type=\"section\">\n\t\t\t\t\t\t<div class=\"elementor-container elementor-column-gap-default\">\n\t\t\t\t\t<div class=\"elementor-column elementor-col-100 elementor-top-column elementor-element elementor-element-1f3d6ef8\" data-id=\"1f3d6ef8\" data-element_type=\"column\" data-e-type=\"column\">\n\t\t\t<div class=\"elementor-widget-wrap elementor-element-populated\">\n\t\t\t\t\t\t<div class=\"elementor-element elementor-element-12c44fee elementor-widget elementor-widget-text-editor\" data-id=\"12c44fee\" data-element_type=\"widget\" data-e-type=\"widget\" data-widget_type=\"text-editor.default\">\n\t\t\t\t<div class=\"elementor-widget-container\">\n\t\t\t\t\t\t\t\t\t\n<h3 class=\"wp-block-heading\"><span style=\"color: #7676ab;\">Profitez de nos conseils sant\u00e9.\u00a0<\/span><\/h3>\n\n<h5><span style=\"color: #999999;\"><strong>Consultez nos articles sur la vitalit\u00e9 :<\/strong> \u00a0<\/span><\/h5>\n\n<blockquote class=\"wp-block-quote is-layout-flow wp-block-quote-is-layout-flow\">\n<p><em><strong><a class=\"rank-math-link\" href=\"https:\/\/sante-augmentee.fr\/index.php\/agir-contre-le-vieillissement\/\"><span style=\"color: #7a9e0d;\">Agir contre le vieillissement<\/span><\/a><\/strong><\/em><\/p>\n<p><em><strong><a href=\"https:\/\/sante-augmentee.fr\/index.php\/optimiser-notre-cerveau\/\"><span style=\"color: #7a9e0d;\">Optimiser notre cerveau<\/span><\/a><\/strong><\/em><\/p>\n<p><span style=\"color: #003366;\"><strong><span style=\"color: #ff6600;\"> <span style=\"color: #84ab0e;\"><a class=\"rank-math-link\" style=\"color: #84ab0e;\" href=\"https:\/\/formations.sante-augmentee.fr\/strategie-minceur-page-de-vente\"><span style=\"color: #008080;\"><em>\u203a<\/em><\/span><\/a><\/span><span style=\"color: #84ab0e;\"><a class=\"rank-math-link\" style=\"color: #84ab0e;\" href=\"https:\/\/formations.sante-augmentee.fr\/strategie-minceur-page-de-vente\"><span style=\"color: #008080;\"><em>\u203a<\/em><\/span><\/a><\/span> <\/span><\/strong><span style=\"color: #ff6600;\"><a style=\"color: #ff6600;\" href=\"https:\/\/formations.sante-augmentee.fr\/strategie-minceur-page-de-vente\"><strong>Strat\u00e9gie<\/strong> <strong>Minceur<\/strong><\/a>\u00a0<\/span><\/span><\/p>\n<\/blockquote>\n\n<p><span style=\"color: #174a6e;\">Toute la joie de vivre est dans votre sant\u00e9, en prenant soin d&rsquo;elle vous go\u00fbterez \u00e0 une Vie saine et \u00e9quilibr\u00e9e !<\/span><\/p>\n<p><span style=\"color: #174a6e;\"><\/span><\/p>\n<p><span style=\"color: #174a6e;\">Les pr\u00e9cieux conseils de ce blog peuvent vous aider \u00e0 avoir une excellente vitalit\u00e9.<\/span><\/p>\n<p><span style=\"color: #174a6e;\"><\/span><\/p>\n<p><span style=\"color: #174a6e;\">Je vous souhaite une bonne lecture !<\/span><\/p>\n<p><a href=\"http:\/\/www.copyrightfrance.com\/certificat-depot-copyright-france-J38J2L8.htm\" rel=\"noopener\"><img decoding=\"async\" class=\"alignnone wp-image-656\" title=\"copyright\" src=\"https:\/\/sante-augmentee.fr\/wp-content\/uploads\/2020\/10\/copyright.png\" alt=\"CopyrightFrance.com\" width=\"172\" height=\"66\" \/><\/a><\/p>\n\t\t\t\t\t\t\t\t<\/div>\n\t\t\t\t<\/div>\n\t\t\t\t\t<\/div>\n\t\t<\/div>\n\t\t\t\t\t<\/div>\n\t\t<\/section>\n\t\t\t\t<\/div>\n\t\t","protected":false},"excerpt":{"rendered":"<p>Profitez de nos conseils sant\u00e9.\u00a0 Consultez nos articles sur la vitalit\u00e9 : \u00a0 Agir contre le vieillissement Optimiser notre cerveau \u203a\u203a Strat\u00e9gie Minceur\u00a0 Toute la joie de vivre est dans votre sant\u00e9, en prenant soin d&rsquo;elle vous go\u00fbterez \u00e0 une Vie saine et \u00e9quilibr\u00e9e ! Les pr\u00e9cieux conseils de ce blog peuvent vous aider \u00e0 [&hellip;]<\/p>\n","protected":false},"author":2,"featured_media":0,"parent":0,"menu_order":0,"comment_status":"closed","ping_status":"closed","template":"","meta":{"footnotes":""},"class_list":["post-3290","page","type-page","status-publish","hentry"],"_links":{"self":[{"href":"https:\/\/sante-augmentee.fr\/index.php\/wp-json\/wp\/v2\/pages\/3290","targetHints":{"allow":["GET"]}}],"collection":[{"href":"https:\/\/sante-augmentee.fr\/index.php\/wp-json\/wp\/v2\/pages"}],"about":[{"href":"https:\/\/sante-augmentee.fr\/index.php\/wp-json\/wp\/v2\/types\/page"}],"author":[{"embeddable":true,"href":"https:\/\/sante-augmentee.fr\/index.php\/wp-json\/wp\/v2\/users\/2"}],"replies":[{"embeddable":true,"href":"https:\/\/sante-augmentee.fr\/index.php\/wp-json\/wp\/v2\/comments?post=3290"}],"version-history":[{"count":0,"href":"https:\/\/sante-augmentee.fr\/index.php\/wp-json\/wp\/v2\/pages\/3290\/revisions"}],"wp:attachment":[{"href":"https:\/\/sante-augmentee.fr\/index.php\/wp-json\/wp\/v2\/media?parent=3290"}],"curies":[{"name":"wp","href":"https:\/\/api.w.org\/{rel}","templated":true}]}}