{"id":85,"date":"2020-09-24T21:45:14","date_gmt":"2020-09-24T19:45:14","guid":{"rendered":"https:\/\/sante-augmentee.fr\/?page_id=85"},"modified":"2024-03-09T14:04:09","modified_gmt":"2024-03-09T13:04:09","slug":"sante-et-bien-etre","status":"publish","type":"page","link":"https:\/\/sante-augmentee.fr\/","title":{"rendered":"Sant\u00e9 et bien-\u00eatre"},"content":{"rendered":"\t\t<div data-elementor-type=\"wp-page\" data-elementor-id=\"85\" class=\"elementor elementor-85\">\n\t\t\t\t\t\t<section class=\"elementor-section elementor-top-section elementor-element elementor-element-78c173b elementor-section-stretched elementor-section-boxed elementor-section-height-default elementor-section-height-default\" data-id=\"78c173b\" data-element_type=\"section\" data-e-type=\"section\" data-settings=\"{&quot;stretch_section&quot;:&quot;section-stretched&quot;,&quot;background_background&quot;:&quot;classic&quot;}\">\n\t\t\t\t\t\t<div class=\"elementor-container elementor-column-gap-default\">\n\t\t\t\t\t<div class=\"elementor-column elementor-col-50 elementor-top-column elementor-element elementor-element-0815d34\" data-id=\"0815d34\" data-element_type=\"column\" data-e-type=\"column\">\n\t\t\t<div class=\"elementor-widget-wrap elementor-element-populated\">\n\t\t\t\t\t\t<div class=\"elementor-element elementor-element-ef25ae6 elementor-widget__width-initial elementor-widget elementor-widget-image\" data-id=\"ef25ae6\" data-element_type=\"widget\" data-e-type=\"widget\" data-widget_type=\"image.default\">\n\t\t\t\t<div class=\"elementor-widget-container\">\n\t\t\t\t\t\t\t\t\t\t\t\t\t\t\t\t<a href=\"https:\/\/sante-augmentee.fr\/index.php\/dietetique\/\" jeune=\"\">\n\t\t\t\t\t\t\t<img decoding=\"async\" src=\"https:\/\/sante-augmentee.fr\/wp-content\/uploads\/2020\/12\/jeune-femme-devant-une-coupe-de-fruits1.png\" title=\"jeune femme devant une coupe de fruits1\" alt=\"manger des fruits pour votre sant\u00e9\" loading=\"lazy\" \/>\t\t\t\t\t\t\t\t<\/a>\n\t\t\t\t\t\t\t\t\t\t\t\t\t\t\t<\/div>\n\t\t\t\t<\/div>\n\t\t\t\t\t<\/div>\n\t\t<\/div>\n\t\t\t\t<div class=\"elementor-column elementor-col-50 elementor-top-column elementor-element elementor-element-d73b1f3\" data-id=\"d73b1f3\" data-element_type=\"column\" data-e-type=\"column\">\n\t\t\t<div class=\"elementor-widget-wrap elementor-element-populated\">\n\t\t\t\t\t\t<div class=\"elementor-element elementor-element-517da23 elementor-widget elementor-widget-text-editor\" data-id=\"517da23\" data-element_type=\"widget\" data-e-type=\"widget\" data-widget_type=\"text-editor.default\">\n\t\t\t\t<div class=\"elementor-widget-container\">\n\t\t\t\t\t\t\t\t\t<h5><em><span style=\"color: #7676ab;\"><strong>Sant\u00e9<\/strong><span style=\"color: #ff8000;\"> <strong>\u203a<\/strong><\/span><strong> <span style=\"color: #7676ab;\">Di\u00e9t\u00e9tique<\/span><\/strong><\/span><\/em><\/h5><blockquote><p><span style=\"color: #6b3e1b;\">Tout ce que nous mangeons peut nous soigner ou au contraire nous rendre malade. Il est donc important de faire les bons choix en mati\u00e8re de nutrition. <\/span><\/p><\/blockquote><p style=\"text-align: center;\"><span style=\"color: #174a6e;\"><span style=\"color: #56a691;\"><em><span style=\"color: #6db0aa;\"><span style=\"color: #8bb315;\"><strong>Voir la rubrique<\/strong><\/span><\/span><\/em>\u00a0<\/span><\/span><em><span style=\"color: #7676ab;\"><span style=\"color: #ff8000;\"><strong>\u203a<\/strong><\/span><\/span><\/em><span style=\"color: #174a6e;\"><span style=\"color: #56a691;\">\u00a0<\/span><\/span><strong><em><span style=\"color: #ff7700;\"><a style=\"color: #ff7700; text-decoration: underline;\" href=\"https:\/\/sante-augmentee.fr\/index.php\/dietetique\/\"><span style=\"color: #99cc00;\"><span style=\"color: #ff8000;\">Di\u00e9t\u00e9tique<\/span><\/span><\/a><\/span><\/em><\/strong><\/p>\t\t\t\t\t\t\t\t<\/div>\n\t\t\t\t<\/div>\n\t\t\t\t\t<\/div>\n\t\t<\/div>\n\t\t\t\t\t<\/div>\n\t\t<\/section>\n\t\t\t\t<section class=\"elementor-section elementor-top-section elementor-element elementor-element-3b7c70c elementor-section-stretched elementor-section-boxed elementor-section-height-default elementor-section-height-default\" data-id=\"3b7c70c\" data-element_type=\"section\" data-e-type=\"section\" data-settings=\"{&quot;stretch_section&quot;:&quot;section-stretched&quot;,&quot;background_background&quot;:&quot;classic&quot;}\">\n\t\t\t\t\t\t<div class=\"elementor-container elementor-column-gap-default\">\n\t\t\t\t\t<div class=\"elementor-column elementor-col-50 elementor-top-column elementor-element elementor-element-c44c360\" data-id=\"c44c360\" data-element_type=\"column\" data-e-type=\"column\">\n\t\t\t<div class=\"elementor-widget-wrap elementor-element-populated\">\n\t\t\t\t\t\t<div class=\"elementor-element elementor-element-59f45fb elementor-widget__width-initial elementor-widget elementor-widget-image\" data-id=\"59f45fb\" data-element_type=\"widget\" data-e-type=\"widget\" data-widget_type=\"image.default\">\n\t\t\t\t<div class=\"elementor-widget-container\">\n\t\t\t\t\t\t\t\t\t\t\t\t\t\t\t\t<a href=\"https:\/\/sante-augmentee.fr\/index.php\/maladies\/\" m=\"\">\n\t\t\t\t\t\t\t<img fetchpriority=\"high\" decoding=\"async\" width=\"253\" height=\"512\" src=\"https:\/\/sante-augmentee.fr\/wp-content\/uploads\/2020\/11\/Medecin-.png\" class=\"attachment-large size-large wp-image-2718\" alt=\"M\u00e9decin pour notre sant\u00e9\" srcset=\"https:\/\/sante-augmentee.fr\/wp-content\/uploads\/2020\/11\/Medecin-.png 253w, https:\/\/sante-augmentee.fr\/wp-content\/uploads\/2020\/11\/Medecin--148x300.png 148w\" sizes=\"(max-width: 253px) 100vw, 253px\" \/>\t\t\t\t\t\t\t\t<\/a>\n\t\t\t\t\t\t\t\t\t\t\t\t\t\t\t<\/div>\n\t\t\t\t<\/div>\n\t\t\t\t\t<\/div>\n\t\t<\/div>\n\t\t\t\t<div class=\"elementor-column elementor-col-50 elementor-top-column elementor-element elementor-element-fa85cc0\" data-id=\"fa85cc0\" data-element_type=\"column\" data-e-type=\"column\">\n\t\t\t<div class=\"elementor-widget-wrap elementor-element-populated\">\n\t\t\t\t\t\t<div class=\"elementor-element elementor-element-7950f28 elementor-widget elementor-widget-text-editor\" data-id=\"7950f28\" data-element_type=\"widget\" data-e-type=\"widget\" data-widget_type=\"text-editor.default\">\n\t\t\t\t<div class=\"elementor-widget-container\">\n\t\t\t\t\t\t\t\t\t<h5 style=\"text-align: left;\"><em><span style=\"color: #7676ab;\"><b>Sant\u00e9 <span style=\"color: #ff8000;\"><strong>\u203a <\/strong><\/span><\/b><strong><span style=\"color: #7676ab;\">Maladies<\/span><\/strong><\/span><\/em><\/h5><blockquote><p style=\"text-align: justify;\"><span style=\"color: #6b3e1b;\">D\u00e9couvrez comment pr\u00e9venir les maladies\u00a0et comment les prendre en charge lorsqu\u2019elles se sont d\u00e9j\u00e0 d\u00e9clar\u00e9es. Gr\u00e2ce \u00e0 nos conseils, vous serez en mesure de combattre le mal directement \u00e0 la racine.<\/span><\/p><\/blockquote><p style=\"text-align: center;\"><span style=\"color: #174a6e;\"><strong><em><span style=\"color: #6db0aa;\"><span style=\"color: #8bb315;\">Voir la rubrique <\/span><\/span><\/em><\/strong><\/span><em><span style=\"color: #7676ab;\"><span style=\"color: #ff8000;\"><strong>\u203a<\/strong> <\/span><\/span><strong><span style=\"text-decoration: underline;\"><span style=\"color: #955ecc; text-decoration: underline;\"><span style=\"color: #ff7700; text-decoration: underline;\"><a style=\"color: #ff7700; text-decoration: underline;\" href=\"https:\/\/sante-augmentee.fr\/index.php\/maladies\/\"><span style=\"color: #ff8000; text-decoration: underline;\">Maladies<\/span><\/a><\/span><\/span><\/span><\/strong><\/em><\/p>\t\t\t\t\t\t\t\t<\/div>\n\t\t\t\t<\/div>\n\t\t\t\t\t<\/div>\n\t\t<\/div>\n\t\t\t\t\t<\/div>\n\t\t<\/section>\n\t\t\t\t<section class=\"elementor-section elementor-top-section elementor-element elementor-element-5ecb256 elementor-section-stretched elementor-section-boxed elementor-section-height-default elementor-section-height-default\" data-id=\"5ecb256\" data-element_type=\"section\" data-e-type=\"section\" data-settings=\"{&quot;stretch_section&quot;:&quot;section-stretched&quot;,&quot;background_background&quot;:&quot;classic&quot;}\">\n\t\t\t\t\t\t<div class=\"elementor-container elementor-column-gap-default\">\n\t\t\t\t\t<div class=\"elementor-column elementor-col-50 elementor-top-column elementor-element elementor-element-d38ad5d\" data-id=\"d38ad5d\" data-element_type=\"column\" data-e-type=\"column\">\n\t\t\t<div class=\"elementor-widget-wrap\">\n\t\t\t\t\t\t\t<\/div>\n\t\t<\/div>\n\t\t\t\t<div class=\"elementor-column elementor-col-50 elementor-top-column elementor-element elementor-element-611743d\" data-id=\"611743d\" data-element_type=\"column\" data-e-type=\"column\">\n\t\t\t<div class=\"elementor-widget-wrap elementor-element-populated\">\n\t\t\t\t\t\t<div class=\"elementor-element elementor-element-2752395 elementor-widget elementor-widget-text-editor\" data-id=\"2752395\" data-element_type=\"widget\" data-e-type=\"widget\" data-widget_type=\"text-editor.default\">\n\t\t\t\t<div class=\"elementor-widget-container\">\n\t\t\t\t\t\t\t\t\t<h5><em><b style=\"color: #7676ab; text-align: center;\">Sant\u00e9 <span style=\"color: #ff8000;\"><strong>\u203a<\/strong><\/span><\/b><b style=\"color: #7676ab; text-align: center;\"><span style=\"color: #7676ab;\">\u00a0s\u00e9r\u00e9nit\u00e9<\/span><\/b><\/em><\/h5><blockquote><p style=\"text-align: justify;\"><span style=\"color: #6b3e1b;\">Le corps humain, avec tous ses muscles et toutes ses articulations est fait pour le mouvement. Gr\u00e2ce \u00e0 ce blog, vous d\u00e9couvrirez comment pratiquer un grand nombre d\u2019exercices physiques sans vous blesser.<\/span><\/p><\/blockquote><p style=\"text-align: center;\"><span style=\"color: #174a6e;\"><strong><span style=\"color: #6db0aa;\"><span style=\"color: #8bb315;\"><em>Voir la rubrique<\/em>\u00a0<\/span><\/span><\/strong><\/span><em><span style=\"color: #7676ab;\"><span style=\"color: #ff8000;\"><strong>\u203a<\/strong><\/span><\/span><\/em><span style=\"color: #174a6e;\"><strong><span style=\"color: #ff6600;\"><span style=\"color: #99cc00;\">\u00a0<\/span><em><span style=\"color: #ff7700;\"><a style=\"color: #ff7700;\" href=\"https:\/\/sante-augmentee.fr\/index.php\/maladies\/\"><span style=\"color: #ff8000;\"><span style=\"text-decoration: underline;\">Activit\u00e9 Sportives<\/span><\/span><\/a><\/span><\/em><\/span><\/strong><\/span><\/p>\t\t\t\t\t\t\t\t<\/div>\n\t\t\t\t<\/div>\n\t\t\t\t\t<\/div>\n\t\t<\/div>\n\t\t\t\t\t<\/div>\n\t\t<\/section>\n\t\t\t\t<section class=\"elementor-section elementor-top-section elementor-element elementor-element-0116808 elementor-section-full_width elementor-section-stretched elementor-section-height-default elementor-section-height-default\" data-id=\"0116808\" data-element_type=\"section\" data-e-type=\"section\" data-settings=\"{&quot;stretch_section&quot;:&quot;section-stretched&quot;}\">\n\t\t\t\t\t\t<div class=\"elementor-container elementor-column-gap-default\">\n\t\t\t\t\t<div class=\"elementor-column elementor-col-33 elementor-top-column elementor-element elementor-element-ce7c58a\" data-id=\"ce7c58a\" data-element_type=\"column\" data-e-type=\"column\">\n\t\t\t<div class=\"elementor-widget-wrap\">\n\t\t\t\t\t\t\t<\/div>\n\t\t<\/div>\n\t\t\t\t<div class=\"elementor-column elementor-col-33 elementor-top-column elementor-element elementor-element-316cf9f\" data-id=\"316cf9f\" data-element_type=\"column\" data-e-type=\"column\">\n\t\t\t<div class=\"elementor-widget-wrap elementor-element-populated\">\n\t\t\t\t\t\t<div class=\"elementor-element elementor-element-8f5940e elementor-widget elementor-widget-text-editor\" data-id=\"8f5940e\" data-element_type=\"widget\" data-e-type=\"widget\" data-widget_type=\"text-editor.default\">\n\t\t\t\t<div class=\"elementor-widget-container\">\n\t\t\t\t\t\t\t\t\t<h4 style=\"text-align: center;\"><span style=\"color: #7676ab;\"><strong>&#8212;&#8211;<\/strong><\/span><\/h4><h5 style=\"text-align: center;\"><em><span style=\"color: #5858a3;\"><strong>Nous savons tous \u00e0 quel point la sant\u00e9 est pr\u00e9cieuse !<\/strong><\/span><\/em><\/h5><p style=\"text-align: center;\"><span style=\"color: #6b3e1b;\">Sur ce blog, vous trouverez les meilleurs conseils pour pr\u00e9server la v\u00f4tre. Gr\u00e2ce aux astuces que je vais vous donner, la sant\u00e9 n\u2019aura plus de secrets pour vous !<\/span><\/p><p style=\"text-align: center;\"><strong><span style=\"color: #ff8000;\"><span style=\"color: #99cc00;\"><a style=\"color: #99cc00; text-decoration: underline;\" href=\"https:\/\/sante-augmentee.fr\/index.php\/dietetique\/\"><span style=\"color: #80ab44; text-decoration: underline;\">Di\u00e9t\u00e9tique<\/span><\/a><\/span> <span style=\"color: #ff9900;\">|<\/span> <span style=\"text-decoration: underline; color: #80ab44;\"><a style=\"color: #80ab44; text-decoration: underline;\" href=\"https:\/\/sante-augmentee.fr\/index.php\/maladies\/\">Maladies<\/a><\/span> <span style=\"color: #ff9900;\">|<\/span> <span style=\"text-decoration: underline; color: #80ab44;\"><a style=\"color: #80ab44; text-decoration: underline;\" href=\"https:\/\/sante-augmentee.fr\/index.php\/vitalite\/\">Vitalit\u00e9<\/a><\/span><\/span><\/strong><\/p><p style=\"text-align: center;\"><a href=\"http:\/\/www.copyrightfrance.com\/certificat-depot-copyright-france-J38J2L8.htm\" rel=\"noopener\"><img decoding=\"async\" class=\"alignnone wp-image-656\" src=\"https:\/\/sante-augmentee.fr\/wp-content\/uploads\/2020\/10\/copyright.png\" alt=\"CopyrightFrance.com\" width=\"172\" height=\"66\" \/><\/a><\/p>\t\t\t\t\t\t\t\t<\/div>\n\t\t\t\t<\/div>\n\t\t\t\t\t<\/div>\n\t\t<\/div>\n\t\t\t\t<div class=\"elementor-column elementor-col-33 elementor-top-column elementor-element elementor-element-21f99f3\" data-id=\"21f99f3\" data-element_type=\"column\" data-e-type=\"column\">\n\t\t\t<div class=\"elementor-widget-wrap\">\n\t\t\t\t\t\t\t<\/div>\n\t\t<\/div>\n\t\t\t\t\t<\/div>\n\t\t<\/section>\n\t\t\t\t<\/div>\n\t\t","protected":false},"excerpt":{"rendered":"<p>Sant\u00e9 \u203a Di\u00e9t\u00e9tique Tout ce que nous mangeons peut nous soigner ou au contraire nous rendre malade. Il est donc important de faire les bons choix en mati\u00e8re de nutrition. Voir la rubrique\u00a0\u203a\u00a0Di\u00e9t\u00e9tique Sant\u00e9 \u203a Maladies D\u00e9couvrez comment pr\u00e9venir les maladies\u00a0et comment les prendre en charge lorsqu\u2019elles se sont d\u00e9j\u00e0 d\u00e9clar\u00e9es. Gr\u00e2ce \u00e0 nos conseils, [&hellip;]<\/p>\n","protected":false},"author":2,"featured_media":2805,"parent":0,"menu_order":0,"comment_status":"closed","ping_status":"closed","template":"","meta":{"footnotes":""},"class_list":["post-85","page","type-page","status-publish","has-post-thumbnail","hentry"],"_links":{"self":[{"href":"https:\/\/sante-augmentee.fr\/index.php\/wp-json\/wp\/v2\/pages\/85","targetHints":{"allow":["GET"]}}],"collection":[{"href":"https:\/\/sante-augmentee.fr\/index.php\/wp-json\/wp\/v2\/pages"}],"about":[{"href":"https:\/\/sante-augmentee.fr\/index.php\/wp-json\/wp\/v2\/types\/page"}],"author":[{"embeddable":true,"href":"https:\/\/sante-augmentee.fr\/index.php\/wp-json\/wp\/v2\/users\/2"}],"replies":[{"embeddable":true,"href":"https:\/\/sante-augmentee.fr\/index.php\/wp-json\/wp\/v2\/comments?post=85"}],"version-history":[{"count":0,"href":"https:\/\/sante-augmentee.fr\/index.php\/wp-json\/wp\/v2\/pages\/85\/revisions"}],"wp:featuredmedia":[{"embeddable":true,"href":"https:\/\/sante-augmentee.fr\/index.php\/wp-json\/wp\/v2\/media\/2805"}],"wp:attachment":[{"href":"https:\/\/sante-augmentee.fr\/index.php\/wp-json\/wp\/v2\/media?parent=85"}],"curies":[{"name":"wp","href":"https:\/\/api.w.org\/{rel}","templated":true}]}}